{"id":44,"date":"2019-09-16T09:48:41","date_gmt":"2019-09-16T07:48:41","guid":{"rendered":"http:\/\/www.f-d-d.eu\/?page_id=44"},"modified":"2021-02-24T18:51:41","modified_gmt":"2021-02-24T17:51:41","slug":"partenaires","status":"publish","type":"page","link":"https:\/\/www.f-d-d.eu\/en\/partenaires\/","title":{"rendered":"Partenaires"},"content":{"rendered":"<h1>Co-organizers<\/h1>\n<a href=\"http:\/\/agedelatortue.org\/\"><img decoding=\"async\" loading=\"lazy\" class=\"alignnone size-medium wp-image-53\" src=\"http:\/\/www.f-d-d.eu\/wp-content\/uploads\/2019\/09\/Logo-Tortue-2015.png\" alt=\"\" width=\"158\" height=\"127\" \/><\/a><a href=\"https:\/\/www.univ-rennes2.fr\/\"><img decoding=\"async\" loading=\"lazy\" class=\"alignnone size-medium wp-image-55\" src=\"http:\/\/www.f-d-d.eu\/wp-content\/uploads\/2019\/09\/rennes2.png\" alt=\"\" width=\"120\" height=\"120\" \/><\/a><a href=\"https:\/\/metropole.rennes.fr\/\"><img decoding=\"async\" loading=\"lazy\" class=\"alignnone size-medium wp-image-54\" src=\"http:\/\/www.f-d-d.eu\/wp-content\/uploads\/2019\/09\/rennes-metro.png\" alt=\"\" width=\"284\" height=\"79\" \/><\/a><a href=\"http:\/\/granerbcn.cat\/en\/barrios\/vulnus-residents\/\"><img decoding=\"async\" loading=\"lazy\" class=\"alignnone wp-image-280 size-full\" src=\"https:\/\/www.f-d-d.eu\/wp-content\/uploads\/2020\/01\/logo1V-U-L-N-U-Sokk-001_NB_120.jpg\" alt=\"\" width=\"120\" height=\"119\" \/><\/a><a href=\"https:\/\/effettolarsen.it\/en\/\"><img decoding=\"async\" loading=\"lazy\" class=\"alignnone size-medium wp-image-47\" src=\"http:\/\/www.f-d-d.eu\/wp-content\/uploads\/2019\/09\/effetto-larsen-logonoir.png\" alt=\"\" width=\"206\" height=\"120\" \/><\/a><a href=\"https:\/\/gsu.edu.tr\/fr\/\"><img decoding=\"async\" loading=\"lazy\" class=\"alignnone wp-image-271 size-full\" src=\"https:\/\/www.f-d-d.eu\/wp-content\/uploads\/2020\/01\/Universite\u0301-de-Galatassaray_GRIS_120_120.jpg\" alt=\"\" width=\"120\" height=\"120\" \/><\/a><a href=\"http:\/\/www.cifas.be\/fr\/\"><img decoding=\"async\" loading=\"lazy\" class=\"alignnone wp-image-277 size-full\" src=\"https:\/\/www.f-d-d.eu\/wp-content\/uploads\/2020\/01\/001_CIFASS_logo04_sans_120_12.jpg\" alt=\"\" width=\"256\" height=\"80\" \/><\/a><a href=\"http:\/\/www.eurocities.eu\"><img decoding=\"async\" loading=\"lazy\" class=\"alignnone wp-image-276 size-full\" src=\"https:\/\/www.f-d-d.eu\/wp-content\/uploads\/2020\/01\/EUROCITIES-logo-H-GRIS-120.jpg\" alt=\"\" width=\"200\" height=\"100\" \/><\/a> <a href=\"http:\/\/www.histoire-immigration.fr\"><img decoding=\"async\" loading=\"lazy\" class=\"alignnone wp-image-279 size-full\" src=\"https:\/\/www.f-d-d.eu\/wp-content\/uploads\/2020\/01\/LOGO-Muse\u0301e-Immigration_NB_150_.jpg\" alt=\"\" width=\"180\" height=\"100\" \/><\/a><a href=\"http:\/\/www.associacioariadna.org\/\"><img decoding=\"async\" loading=\"lazy\" class=\"alignnone wp-image-282 size-full\" src=\"https:\/\/www.f-d-d.eu\/wp-content\/uploads\/2020\/01\/Logo-ariadna-amb-nom-blanc-i-transparencia_120_.jpg\" alt=\"\" width=\"100\" height=\"100\" \/><\/a> <a href=\"https:\/\/www.renovaramouraria.pt\/\"><img decoding=\"async\" loading=\"lazy\" class=\"alignnone wp-image-283 size-full\" src=\"https:\/\/www.f-d-d.eu\/wp-content\/uploads\/2020\/01\/logo_rgb_ARM_NB_120_.jpg\" alt=\"\" width=\"215\" height=\"111\" \/><\/a>\n<h1>PARTNERS<\/h1>\n<a href=\"https:\/\/www.collectif-topik.fr\/\"><img decoding=\"async\" loading=\"lazy\" class=\"alignnone size-medium wp-image-66\" src=\"http:\/\/www.f-d-d.eu\/wp-content\/uploads\/2019\/09\/TOPIK_logo-txt_NB_300dpi.png\" alt=\"\" width=\"140\" height=\"121\" \/><\/a><a href=\"http:\/\/www.lestombeesdelanuit.com\/\"><img decoding=\"async\" loading=\"lazy\" class=\"alignnone wp-image-284 size-full\" src=\"https:\/\/www.f-d-d.eu\/wp-content\/uploads\/2020\/01\/logo-Les-Tombe\u0301es-de-la-Nuit.jpg\" alt=\"\" width=\"140\" height=\"100\" \/><\/a><a href=\"https:\/\/ajuntament.barcelona.cat\/es\/\"><img decoding=\"async\" loading=\"lazy\" class=\"alignnone size-medium wp-image-64\" src=\"http:\/\/www.f-d-d.eu\/wp-content\/uploads\/2019\/09\/logo-ajuntament-banca.png\" alt=\"\" width=\"233\" height=\"86\" \/><\/a><a href=\"http:\/\/www.cm-lisboa.pt\/\"><img decoding=\"async\" loading=\"lazy\" class=\"alignnone size-medium wp-image-61\" src=\"http:\/\/www.f-d-d.eu\/wp-content\/uploads\/2019\/09\/Logo-CML-novo-hor.png\" alt=\"\" width=\"198\" height=\"140\" \/><\/a><a href=\"https:\/\/www.ifturquie.org\/istanbul\/\"><img decoding=\"async\" loading=\"lazy\" class=\"alignnone wp-image-286 size-full\" src=\"https:\/\/www.f-d-d.eu\/wp-content\/uploads\/2020\/01\/logo-tr-droite-1-copie_120_.png\" alt=\"\" width=\"214\" height=\"100\" \/><\/a><a href=\"http:\/\/www.agenda21culture.net\/\"><img decoding=\"async\" loading=\"lazy\" class=\"alignnone wp-image-307 size-full\" src=\"https:\/\/www.f-d-d.eu\/wp-content\/uploads\/2020\/01\/logoC21_trilingue-copie_103.png\" alt=\"\" width=\"267\" height=\"100\" \/><\/a> <a href=\"https:\/\/www.ub.edu\/web\/ub\/ca\/\"><img decoding=\"async\" loading=\"lazy\" class=\"alignnone wp-image-290 size-full\" src=\"https:\/\/www.f-d-d.eu\/wp-content\/uploads\/2020\/01\/Universite\u0301-de-Barcelon-gris_120.png\" alt=\"\" width=\"333\" height=\"100\" \/><\/a> <a href=\"https:\/\/www.naba.it\/en\"><img decoding=\"async\" loading=\"lazy\" class=\"alignnone wp-image-291 size-full\" src=\"https:\/\/www.f-d-d.eu\/wp-content\/uploads\/2020\/01\/NABA-Milnao_100.png\" alt=\"\" width=\"310\" height=\"120\" \/><\/a><a href=\"https:\/\/www.theatrereconciliation.org\/\"><img decoding=\"async\" loading=\"lazy\" class=\"alignnone size-medium wp-image-65\" src=\"http:\/\/www.f-d-d.eu\/wp-content\/uploads\/2019\/09\/theatre.png\" alt=\"\" width=\"242\" height=\"145\" \/><\/a>\n<h1>CO-FUNDERS<\/h1>\n<a href=\"https:\/\/info.erasmusplus.fr\/\"><img decoding=\"async\" loading=\"lazy\" class=\"alignnone size-medium wp-image-72\" src=\"http:\/\/www.f-d-d.eu\/wp-content\/uploads\/2019\/09\/eu-erasmus_24_1-300x86.png\" alt=\"\" width=\"300\" height=\"86\" srcset=\"https:\/\/www.f-d-d.eu\/wp-content\/uploads\/2019\/09\/eu-erasmus_24_1-300x86.png 300w, https:\/\/www.f-d-d.eu\/wp-content\/uploads\/2019\/09\/eu-erasmus_24_1.png 376w\" sizes=\"(max-width: 300px) 100vw, 300px\" \/><\/a><a href=\"https:\/\/www.bretagne.bzh\/\"><img decoding=\"async\" loading=\"lazy\" class=\"alignnone wp-image-292 size-full\" src=\"https:\/\/www.f-d-d.eu\/wp-content\/uploads\/2020\/01\/logo-re\u0301gion-bretagne-NB_120.png\" alt=\"\" width=\"120\" height=\"100\" \/><\/a><a href=\"https:\/\/www.ille-et-vilaine.fr\/fr\"><img decoding=\"async\" loading=\"lazy\" class=\"wp-image-70 size-full alignnone\" src=\"https:\/\/www.f-d-d.eu\/wp-content\/uploads\/2019\/09\/1200px-Logo_Ille_Vilaine_2008-e1580126311412.png\" alt=\"\" width=\"153\" height=\"100\" \/><\/a> <a href=\"https:\/\/metropole.rennes.fr\/\"><img decoding=\"async\" loading=\"lazy\" class=\"alignnone size-medium wp-image-73\" src=\"http:\/\/www.f-d-d.eu\/wp-content\/uploads\/2019\/09\/Logo-rennes-metropole-NB.png\" alt=\"\" width=\"267\" height=\"97\" \/><\/a> <a href=\"https:\/\/metropole.rennes.fr\/\"><img decoding=\"async\" loading=\"lazy\" class=\"alignnone size-medium wp-image-74\" src=\"http:\/\/www.f-d-d.eu\/wp-content\/uploads\/2019\/09\/rennesmetro.png\" alt=\"\" width=\"292\" height=\"81\" \/><\/a>\n<p>Co-organizers: <a href=\"http:\/\/agedelatortue.org\/\">L&#8217;\u00e2ge de la tortue<\/a> (Rennes) &#8211; <a href=\"https:\/\/www.univ-rennes2.fr\/\">University Rennes 2<\/a> (Rennes) &#8211;<a href=\"https:\/\/metropole.rennes.fr\/\"> Ciy of Rennes<\/a>\u00a0&#8211; <a href=\"https:\/\/www.renovaramouraria.pt\/\">Renovar a Mouraria<\/a> (Lisbon) &#8211; <a href=\"https:\/\/effettolarsen.it\/en\/\">Effetto Larsen<\/a> (Milan) &#8211; <a href=\"http:\/\/gsu.edu.tr\/fr\/\">Galatasaray<\/a> <a href=\"https:\/\/www.univ-rennes2.fr\/\">University<\/a> (Istanbul) &#8211; <a href=\"http:\/\/granerbcn.cat\/en\/barrios\/vulnus-residents\/\">VULNUS Artes Vivas e Iinvestigaci\u00f3n<\/a> (BarcelonA) &#8211; <a href=\"http:\/\/www.cifas.be\/fr\/\">CIFAS<\/a> (Brussels) &#8211; <a href=\"http:\/\/www.histoire-immigration.fr\/\">The National Museum of the History of Immigration<\/a> (Paris) &#8211; <a href=\"http:\/\/wsdomino.eurocities.eu\/eurocities\/home\">Eurocities<\/a> (Brussels) &#8211; Ariadna (Tarragona)<br \/>\n<span style=\"text-decoration: underline;\">Partners<\/span>: <a href=\"https:\/\/www.collectif-topik.fr\/\">Topik<\/a> (Rennes) &#8211; <a href=\"http:\/\/www.lestombeesdelanuit.com\/\">Les tomb\u00e9es de la nuit<\/a> (Rennes) &#8211; <a href=\"https:\/\/ajuntament.barcelona.cat\/es\/\">City of Barcelona<\/a> &#8211; <a href=\"http:\/\/www.cm-lisboa.pt\/\">City of Lisbon<\/a> &#8211; <a href=\"https:\/\/www.uclg.org\/fr\">Agenda 21, The Committee on culture of the world organization of United Cities and Local Governments<\/a> (Barcelona) &#8211; <a href=\"https:\/\/www.ifturquie.org\/fr\/\">Institut fran\u00e7ais d&#8217;Istanbul<\/a> &#8211; <a href=\"https:\/\/www.theatrereconciliation.org\/\">Th\u00e9\u00e2tre et r\u00e9conciliation<\/a> (Brussels) &#8211; <a href=\"https:\/\/www.naba.it\/en\">NABA<\/a> (Milan) &#8211; <a href=\"https:\/\/www.ub.edu\/web\/ub\/en\/\">University of Barcelona <\/a><br \/>\n<span style=\"text-decoration: underline;\">Co-funders<\/span> : <a href=\"https:\/\/info.erasmusplus.fr\/\">Erasmus+<\/a> &#8211;\u00a0<a href=\"https:\/\/ec.europa.eu\/info\/index_fr\">European<\/a> <a href=\"https:\/\/ec.europa.eu\/info\/index_fr\">Commission<\/a> &#8211; <a href=\"https:\/\/metropole.rennes.fr\/\">City of Rennes<\/a> &#8211; <a href=\"https:\/\/www.bretagne.bzh\/\">Britany council<\/a> &#8211; <a href=\"https:\/\/www.ille-et-vilaine.fr\/\">Conseil d\u00e9partemental d&#8217;Ille-et-Vilaine<\/a><\/p>\n","protected":false},"excerpt":{"rendered":"<p>Co-organizers PARTNERS CO-FUNDERS Co-organizers: L&#8217;\u00e2ge de la tortue (Rennes) &#8211; University Rennes 2 (Rennes) &#8211; Ciy of Rennes\u00a0&#8211; Renovar a Mouraria (Lisbon) &#8211; Effetto Larsen (Milan) &#8211; Galatasaray University (Istanbul) &#8211; VULNUS Artes Vivas e Iinvestigaci\u00f3n (BarcelonA) &#8211; CIFAS (Brussels) &#8211; The National Museum of the History of Immigration (Paris) &#8211; Eurocities (Brussels) &#8211; Ariadna&#8230;  <\/p>\n<ul class=\"readmore\">\n<li><a class=\"excerpt-read-more\" href=\"https:\/\/www.f-d-d.eu\/en\/partenaires\/\" title=\"Read more Partenaires\">Read more <\/a><\/li>\n<\/ul>\n","protected":false},"author":1,"featured_media":0,"parent":0,"menu_order":0,"comment_status":"closed","ping_status":"closed","template":"page-partenaires.php","meta":{"footnotes":""},"translation":{"provider":"WPGlobus","version":"2.12.2","language":"en","enabled_languages":["fr","en","es","pt","tr","it"],"languages":{"fr":{"title":true,"content":true,"excerpt":false},"en":{"title":false,"content":true,"excerpt":false},"es":{"title":false,"content":true,"excerpt":false},"pt":{"title":false,"content":true,"excerpt":false},"tr":{"title":true,"content":true,"excerpt":false},"it":{"title":false,"content":true,"excerpt":false}}},"acf":[],"_links":{"self":[{"href":"https:\/\/www.f-d-d.eu\/en\/wp-json\/wp\/v2\/pages\/44"}],"collection":[{"href":"https:\/\/www.f-d-d.eu\/en\/wp-json\/wp\/v2\/pages"}],"about":[{"href":"https:\/\/www.f-d-d.eu\/en\/wp-json\/wp\/v2\/types\/page"}],"author":[{"embeddable":true,"href":"https:\/\/www.f-d-d.eu\/en\/wp-json\/wp\/v2\/users\/1"}],"replies":[{"embeddable":true,"href":"https:\/\/www.f-d-d.eu\/en\/wp-json\/wp\/v2\/comments?post=44"}],"version-history":[{"count":32,"href":"https:\/\/www.f-d-d.eu\/en\/wp-json\/wp\/v2\/pages\/44\/revisions"}],"predecessor-version":[{"id":1650,"href":"https:\/\/www.f-d-d.eu\/en\/wp-json\/wp\/v2\/pages\/44\/revisions\/1650"}],"wp:attachment":[{"href":"https:\/\/www.f-d-d.eu\/en\/wp-json\/wp\/v2\/media?parent=44"}],"curies":[{"name":"wp","href":"https:\/\/api.w.org\/{rel}","templated":true}]}}