{"id":2,"date":"2019-09-11T10:01:51","date_gmt":"2019-09-11T08:01:51","guid":{"rendered":"http:\/\/www.f-d-d.eu\/?page_id=2"},"modified":"2022-07-08T09:38:22","modified_gmt":"2022-07-08T07:38:22","slug":"page-d-exemple","status":"publish","type":"page","link":"https:\/\/www.f-d-d.eu\/es\/","title":{"rendered":"Luz de emergencia"},"content":{"rendered":"<p><em>Luz de emergencia<\/em> es un proyecto art\u00edstico concebido por Paloma Fern\u00e1ndez Sobrino y coordinado por la asociaci\u00f3n <em><a href=\"http:\/\/www.agedelatortue.org\/\">L\u2019\u00e2ge de la tortue<\/a><\/em> que se inscribe en la continuidad de la publicaci\u00f3n de <a href=\"http:\/\/www.enciclopedia-de-los-migrantes.eu\/\"><em>La Enciclopedia de los migrantes<\/em><\/a>. Este proyecto transnacional surge de la voluntad de cuestionar la situaci\u00f3n pol\u00edtica y social de las personas migrantes en Europa en la actualidad.<\/p>\n","protected":false},"excerpt":{"rendered":"<p>Luz de emergencia es un proyecto art\u00edstico concebido por Paloma Fern\u00e1ndez Sobrino y coordinado por la asociaci\u00f3n L\u2019\u00e2ge de la tortue que se inscribe en la continuidad de la publicaci\u00f3n de La Enciclopedia de los migrantes. Este proyecto transnacional surge de la voluntad de cuestionar la situaci\u00f3n pol\u00edtica y social de las personas migrantes en&#8230;  <\/p>\n<ul class=\"readmore\">\n<li><a class=\"excerpt-read-more\" href=\"https:\/\/www.f-d-d.eu\/es\/\" title=\"Leer m\u00e1s Luz de emergencia\">Leer m\u00e1s <\/a><\/li>\n<\/ul>\n","protected":false},"author":1,"featured_media":0,"parent":0,"menu_order":0,"comment_status":"closed","ping_status":"open","template":"page-accueil.php","meta":{"footnotes":""},"translation":{"provider":"WPGlobus","version":"2.12.2","language":"es","enabled_languages":["fr","en","es","pt","tr","it"],"languages":{"fr":{"title":true,"content":true,"excerpt":false},"en":{"title":true,"content":true,"excerpt":false},"es":{"title":true,"content":true,"excerpt":false},"pt":{"title":true,"content":true,"excerpt":false},"tr":{"title":true,"content":true,"excerpt":false},"it":{"title":true,"content":true,"excerpt":false}}},"acf":[],"_links":{"self":[{"href":"https:\/\/www.f-d-d.eu\/es\/wp-json\/wp\/v2\/pages\/2"}],"collection":[{"href":"https:\/\/www.f-d-d.eu\/es\/wp-json\/wp\/v2\/pages"}],"about":[{"href":"https:\/\/www.f-d-d.eu\/es\/wp-json\/wp\/v2\/types\/page"}],"author":[{"embeddable":true,"href":"https:\/\/www.f-d-d.eu\/es\/wp-json\/wp\/v2\/users\/1"}],"replies":[{"embeddable":true,"href":"https:\/\/www.f-d-d.eu\/es\/wp-json\/wp\/v2\/comments?post=2"}],"version-history":[{"count":83,"href":"https:\/\/www.f-d-d.eu\/es\/wp-json\/wp\/v2\/pages\/2\/revisions"}],"predecessor-version":[{"id":2210,"href":"https:\/\/www.f-d-d.eu\/es\/wp-json\/wp\/v2\/pages\/2\/revisions\/2210"}],"wp:attachment":[{"href":"https:\/\/www.f-d-d.eu\/es\/wp-json\/wp\/v2\/media?parent=2"}],"curies":[{"name":"wp","href":"https:\/\/api.w.org\/{rel}","templated":true}]}}