{"id":451,"date":"2020-01-20T09:25:16","date_gmt":"2020-01-20T08:25:16","guid":{"rendered":"http:\/\/www.f-d-d.eu\/?page_id=451"},"modified":"2021-10-28T17:16:40","modified_gmt":"2021-10-28T15:16:40","slug":"le-projet-artistique","status":"publish","type":"page","link":"https:\/\/www.f-d-d.eu\/es\/la-demarche\/le-projet-artistique\/","title":{"rendered":"Proyecto art\u00edstico"},"content":{"rendered":"<p>Luz de emergencia naci\u00f3 con la intenci\u00f3n de hacer pensar a todos los componentes de las sociedades contempor\u00e1neas (ciudadanos, responsables p\u00fablicos, medios de comunicaci\u00f3n) en la situaci\u00f3n pol\u00edtica y social de las personas migrantes hoy en Europa. Se trata de hacer que se oigan las voces de los ciudadanos a trav\u00e9s de medios de expresi\u00f3n art\u00edstica para enviar se\u00f1ales claras que deben alarmarnos colectivamente con respecto a la p\u00e9rdida progresiva de algunos valores humanistas como la hospitalidad, el reconocimiento o la preocupaci\u00f3n por el pr\u00f3jimo.<\/p>\n<p>La luz de emergencia se utiliza como s\u00edmbolo central del proyecto. Nos remite a una experiencia angustiosa compartida por un grupo de personas, pero tambi\u00e9n va acompa\u00f1ada por un destello de esperanza que ilumina el nuevo horizonte. Al lanzarla hacia el cielo, la luz de emergencia brilla y se convierte en un nuevo punto de referencia hacia el que convergen todas las miradas y, sobre todo, en un modo de interpelar a las personas presentes para llevarlas progresivamente a moverse, a cambiar de posici\u00f3n y a concentrarse colectivamente en \u00abaquello que debe ser rescatado\u00bb. Al dispararla hacia arriba, la luz de emergencia simboliza adem\u00e1s, con su movimiento vertical, la manera en la que el proyecto intenta interrogar a los responsables p\u00fablicos sobre la actual situaci\u00f3n de las personas migrantes.<\/p>\n<p>La iniciativa art\u00edstica prosigue el trabajo emprendido para realizar la Enciclopedia de los migrantes.<br \/>\nLa idea original es crear formas art\u00edsticas significativas que sean capaces de hacernos pensar en un tema eminentemente pol\u00edtico a trav\u00e9s de un enfoque sensible e \u00edntimo. Eso debe hacernos reflexionar individual y colectivamente sobre el futuro de nuestra vida en sociedad y sobre los valores que queremos defender. La exploraci\u00f3n art\u00edstica (escenograf\u00eda, puesta en escena, composici\u00f3n musical) se guiar\u00e1 por ese principio a lo largo de todo el proyecto. Los textos incluidos en la Enciclopedia de los migrantes, as\u00ed como los m\u00e9todos que permitieron su publicaci\u00f3n, servir\u00e1n de punto de partida para las creaciones art\u00edsticas en su conjunto.<\/p>\n<p><em>Los pa\u00edses en los que se desarrollar\u00e1 el proyecto a escala europea son: Francia, B\u00e9lgica, Portugal, Espa\u00f1a, Italia y Turqu\u00eda.<\/em><\/p>\n<img decoding=\"async\" loading=\"lazy\" class=\"alignnone size-large wp-image-1016\" src=\"http:\/\/www.f-d-d.eu\/wp-content\/uploads\/2020\/07\/carte_projet_site-1024x748.png\" alt=\"\" width=\"640\" height=\"468\" srcset=\"https:\/\/www.f-d-d.eu\/wp-content\/uploads\/2020\/07\/carte_projet_site-1024x748.png 1024w, https:\/\/www.f-d-d.eu\/wp-content\/uploads\/2020\/07\/carte_projet_site-300x219.png 300w, https:\/\/www.f-d-d.eu\/wp-content\/uploads\/2020\/07\/carte_projet_site-768x561.png 768w, https:\/\/www.f-d-d.eu\/wp-content\/uploads\/2020\/07\/carte_projet_site.png 1070w\" sizes=\"(max-width: 640px) 100vw, 640px\" \/>\n<p>Los procesos de creaci\u00f3n art\u00edstica desarrollados a lo largo del proyecto contar\u00e1n no solo con los artistas, sino tambi\u00e9n con personas de distintos \u00e1mbitos. Artistas, ciudadanos, investigadores de ciencias humanas y sociales y estudiantes de las diversas ciudades implicadas contribuir\u00e1n en el proyecto en funci\u00f3n de sus capacidades y de sus ganas durante el tiempo de trabajo colectivo. Por ejemplo, miembros de la sociedad civil podr\u00e1n formar parte de los grupos de reflexi\u00f3n para trabajar en la metodolog\u00eda del proyecto o participar en el espect\u00e1culo y aprender t\u00e9cnicas junto a los artistas. Adem\u00e1s, se invitar\u00e1 a los investigadores de ciencias humanas a adoptar una mirada cr\u00edtica sobre el proyecto desde el punto de vista de sus disciplinas y, en particular, sobre la forma en que se aplican los derechos culturales. Por \u00faltimo, participar\u00e1n estudiantes de escuelas de Bellas de Artes en la creaci\u00f3n de la identidad gr\u00e1fica del proyecto. De ese modo, se implicar\u00e1 a todo un equipo internacional y multidisciplinar para llevar a cabo el proyecto, desde su dise\u00f1o hasta su divulgaci\u00f3n, siguiendo un modelo participativo. Crear\u00e1n todos juntos un espacio en el que se puedan intercambiar y transmitir conocimientos y competencias.<\/p>\n","protected":false},"excerpt":{"rendered":"<p>Luz de emergencia naci\u00f3 con la intenci\u00f3n de hacer pensar a todos los componentes de las sociedades contempor\u00e1neas (ciudadanos, responsables p\u00fablicos, medios de comunicaci\u00f3n) en la situaci\u00f3n pol\u00edtica y social de las personas migrantes hoy en Europa. Se trata de hacer que se oigan las voces de los ciudadanos a trav\u00e9s de medios de expresi\u00f3n&#8230;  <\/p>\n<ul class=\"readmore\">\n<li><a class=\"excerpt-read-more\" href=\"https:\/\/www.f-d-d.eu\/es\/la-demarche\/le-projet-artistique\/\" title=\"Leer m\u00e1s Proyecto art\u00edstico\">Leer m\u00e1s <\/a><\/li>\n<\/ul>\n","protected":false},"author":1,"featured_media":659,"parent":431,"menu_order":0,"comment_status":"closed","ping_status":"closed","template":"page-single.php","meta":{"footnotes":""},"translation":{"provider":"WPGlobus","version":"2.12.2","language":"es","enabled_languages":["fr","en","es","pt","tr","it"],"languages":{"fr":{"title":true,"content":true,"excerpt":false},"en":{"title":true,"content":true,"excerpt":false},"es":{"title":true,"content":true,"excerpt":false},"pt":{"title":true,"content":true,"excerpt":false},"tr":{"title":true,"content":true,"excerpt":false},"it":{"title":true,"content":true,"excerpt":false}}},"acf":[],"_links":{"self":[{"href":"https:\/\/www.f-d-d.eu\/es\/wp-json\/wp\/v2\/pages\/451"}],"collection":[{"href":"https:\/\/www.f-d-d.eu\/es\/wp-json\/wp\/v2\/pages"}],"about":[{"href":"https:\/\/www.f-d-d.eu\/es\/wp-json\/wp\/v2\/types\/page"}],"author":[{"embeddable":true,"href":"https:\/\/www.f-d-d.eu\/es\/wp-json\/wp\/v2\/users\/1"}],"replies":[{"embeddable":true,"href":"https:\/\/www.f-d-d.eu\/es\/wp-json\/wp\/v2\/comments?post=451"}],"version-history":[{"count":15,"href":"https:\/\/www.f-d-d.eu\/es\/wp-json\/wp\/v2\/pages\/451\/revisions"}],"predecessor-version":[{"id":2107,"href":"https:\/\/www.f-d-d.eu\/es\/wp-json\/wp\/v2\/pages\/451\/revisions\/2107"}],"up":[{"embeddable":true,"href":"https:\/\/www.f-d-d.eu\/es\/wp-json\/wp\/v2\/pages\/431"}],"wp:featuredmedia":[{"embeddable":true,"href":"https:\/\/www.f-d-d.eu\/es\/wp-json\/wp\/v2\/media\/659"}],"wp:attachment":[{"href":"https:\/\/www.f-d-d.eu\/es\/wp-json\/wp\/v2\/media?parent=451"}],"curies":[{"name":"wp","href":"https:\/\/api.w.org\/{rel}","templated":true}]}}