{"id":494,"date":"2020-04-10T16:40:59","date_gmt":"2020-04-10T14:40:59","guid":{"rendered":"http:\/\/www.f-d-d.eu\/?page_id=494"},"modified":"2020-07-17T11:30:38","modified_gmt":"2020-07-17T09:30:38","slug":"les-spectacles","status":"publish","type":"page","link":"https:\/\/www.f-d-d.eu\/es\/les-productions\/les-spectacles\/","title":{"rendered":"Espect\u00e1culos"},"content":{"rendered":"<p><span style=\"color: #ffffff;\">.<\/span><\/p>\n<p>El proyecto dar\u00e1 lugar a la creaci\u00f3n de espect\u00e1culos en cada ciudad asociada. Su punto de partida ser\u00e1n unos textos extra\u00eddos de <a href=\"https:\/\/www.enciclopedia-de-los-migrantes.eu\/digital\/\"><em>La Enciclopedia de los migrantes<\/em><\/a> y se pondr\u00e1n en escena en espacios p\u00fablicos. Los espect\u00e1culos ser\u00e1n ideados y dirigidos por directores esc\u00e9nicos profesionales del lugar e interpretados por un grupo compuesto por actores no profesionales.<\/p>\n<p style=\"text-align: center;\">\u2193\u2193\u2193<\/p>\n","protected":false},"excerpt":{"rendered":"<p>. El proyecto dar\u00e1 lugar a la creaci\u00f3n de espect\u00e1culos en cada ciudad asociada. Su punto de partida ser\u00e1n unos textos extra\u00eddos de La Enciclopedia de los migrantes y se pondr\u00e1n en escena en espacios p\u00fablicos. Los espect\u00e1culos ser\u00e1n ideados y dirigidos por directores esc\u00e9nicos profesionales del lugar e interpretados por un grupo compuesto por&#8230;  <\/p>\n<ul class=\"readmore\">\n<li><a class=\"excerpt-read-more\" href=\"https:\/\/www.f-d-d.eu\/es\/les-productions\/les-spectacles\/\" title=\"Leer m\u00e1s Espect\u00e1culos\">Leer m\u00e1s <\/a><\/li>\n<\/ul>\n","protected":false},"author":1,"featured_media":712,"parent":479,"menu_order":0,"comment_status":"closed","ping_status":"closed","template":"page-single-production.php","meta":{"footnotes":""},"translation":{"provider":"WPGlobus","version":"2.12.2","language":"es","enabled_languages":["fr","en","es","pt","tr","it"],"languages":{"fr":{"title":true,"content":true,"excerpt":false},"en":{"title":true,"content":true,"excerpt":false},"es":{"title":true,"content":true,"excerpt":false},"pt":{"title":true,"content":true,"excerpt":false},"tr":{"title":true,"content":true,"excerpt":false},"it":{"title":true,"content":true,"excerpt":false}}},"acf":[],"_links":{"self":[{"href":"https:\/\/www.f-d-d.eu\/es\/wp-json\/wp\/v2\/pages\/494"}],"collection":[{"href":"https:\/\/www.f-d-d.eu\/es\/wp-json\/wp\/v2\/pages"}],"about":[{"href":"https:\/\/www.f-d-d.eu\/es\/wp-json\/wp\/v2\/types\/page"}],"author":[{"embeddable":true,"href":"https:\/\/www.f-d-d.eu\/es\/wp-json\/wp\/v2\/users\/1"}],"replies":[{"embeddable":true,"href":"https:\/\/www.f-d-d.eu\/es\/wp-json\/wp\/v2\/comments?post=494"}],"version-history":[{"count":11,"href":"https:\/\/www.f-d-d.eu\/es\/wp-json\/wp\/v2\/pages\/494\/revisions"}],"predecessor-version":[{"id":815,"href":"https:\/\/www.f-d-d.eu\/es\/wp-json\/wp\/v2\/pages\/494\/revisions\/815"}],"up":[{"embeddable":true,"href":"https:\/\/www.f-d-d.eu\/es\/wp-json\/wp\/v2\/pages\/479"}],"wp:featuredmedia":[{"embeddable":true,"href":"https:\/\/www.f-d-d.eu\/es\/wp-json\/wp\/v2\/media\/712"}],"wp:attachment":[{"href":"https:\/\/www.f-d-d.eu\/es\/wp-json\/wp\/v2\/media?parent=494"}],"curies":[{"name":"wp","href":"https:\/\/api.w.org\/{rel}","templated":true}]}}