{"id":510,"date":"2020-04-10T16:47:45","date_gmt":"2020-04-10T14:47:45","guid":{"rendered":"http:\/\/www.f-d-d.eu\/?page_id=510"},"modified":"2022-10-24T12:01:27","modified_gmt":"2022-10-24T10:01:27","slug":"publications-scientifiques","status":"publish","type":"page","link":"https:\/\/www.f-d-d.eu\/es\/les-productions\/publications-scientifiques\/","title":{"rendered":"Publicaciones cient\u00edficas"},"content":{"rendered":"<p>La publicaci\u00f3n cient\u00edfica se editar\u00e1 al final del proyecto, en el a\u00f1o 2022. Constar\u00e1 de dos tipos de contribuciones cient\u00edficas. Por una parte, de seis textos obra de un investigador en cada residencia, referidos a sus observaciones de campo y a sus reflexiones sobre el proceso del proyecto. Por otra parte, de textos escritos por investigadores asociados a lo largo de todo el proyecto relativos a las tem\u00e1ticas estudiadas (creaci\u00f3n art\u00edstica, migraciones, ciudadan\u00eda, educaci\u00f3n informal, etc.). La edici\u00f3n incluir\u00e1 adem\u00e1s una parte documental con fotograf\u00edas realizadas durante todas las fases del proyecto.<\/p>\n<p><span class=\"VIiyi\" lang=\"es\"><span class=\"JLqJ4b ChMk0b\" data-language-for-alternatives=\"es\" data-language-to-translate-into=\"fr\" data-phrase-index=\"0\">Revistas de investigadores<\/span><\/span> :<\/p>\n<p>\u2014<em> Luz de emergencia #2<\/em> (<span class=\"VIiyi\" lang=\"es\"><span class=\"JLqJ4b ChMk0b\" data-language-for-alternatives=\"es\" data-language-to-translate-into=\"fr\" data-phrase-index=\"0\">Bruselas<\/span><\/span>, BEL) : <a href=\"http:\/\/www.f-d-d.eu\/wp-content\/uploads\/2021\/03\/Journal-FDD-2_Gudrun-Ledegen.pdf\" target=\"_blank\" rel=\"noopener\">Gudrun Ledegen<\/a><\/p>\n<p>\u2014 <em>Luz de emergencia<\/em> #3 (<span class=\"VIiyi\" lang=\"es\"><span class=\"JLqJ4b ChMk0b\" data-language-for-alternatives=\"es\" data-language-to-translate-into=\"fr\" data-phrase-index=\"0\">Estanbul<\/span><\/span>, TR) : <a href=\"http:\/\/www.f-d-d.eu\/wp-content\/uploads\/2021\/03\/Journal-FDD-3_Didem-Danis.pdf\" target=\"_blank\" rel=\"noopener\">Didem Dani\u015f<\/a><\/p>\n<p>\u2014<em> Luz de emergencia #4<\/em> (Barcelone, ES) : <a href=\"http:\/\/www.f-d-d.eu\/wp-content\/uploads\/2021\/03\/Journal-FDD-4_Asun-Martin-1.pdf\" target=\"_blank\" rel=\"noopener\">Asun Pi\u00e9 Balaguer &amp; Mart\u00edn Correa Urquiza<\/a><\/p>\n<p>\u2014\u00a0<em>Luz de emergencia #5<\/em> (<span class=\"VIiyi\" lang=\"es\"><span class=\"JLqJ4b ChMk0b\" data-language-for-alternatives=\"es\" data-language-to-translate-into=\"fr\" data-phrase-index=\"0\">Mil\u00e1n<\/span><\/span>, IT) : <a href=\"http:\/\/www.f-d-d.eu\/wp-content\/uploads\/2021\/03\/Journal-FDD-5_Italie.pdf\" target=\"_blank\" rel=\"noopener\">Alessandra Frigerio &amp; Edoardo Zulato<\/a><\/p>\n<p>\u2014\u00a0<em>Luz de emergencia #6<\/em> (Lisboa, PT) : <a href=\"http:\/\/www.f-d-d.eu\/wp-content\/uploads\/2021\/09\/Journal-FDD-6_Luisa-Ferreira-da-Silva-v2.pdf\" target=\"_blank\" rel=\"noopener\">Lu\u00edsa Ferreira da Silva<\/a><\/p>\n<p>\u2014\u00a0<em>Luz de emergencia #7<\/em> (Rennes, FR) : <a href=\"http:\/\/www.f-d-d.eu\/wp-content\/uploads\/2021\/09\/Journal-FDD-7_Anne-Morillon.pdf\" target=\"_blank\" rel=\"noopener\">Anne Morillon<\/a><\/p>\n","protected":false},"excerpt":{"rendered":"<p>La publicaci\u00f3n cient\u00edfica se editar\u00e1 al final del proyecto, en el a\u00f1o 2022. Constar\u00e1 de dos tipos de contribuciones cient\u00edficas. Por una parte, de seis textos obra de un investigador en cada residencia, referidos a sus observaciones de campo y a sus reflexiones sobre el proceso del proyecto. Por otra parte, de textos escritos por&#8230;  <\/p>\n<ul class=\"readmore\">\n<li><a class=\"excerpt-read-more\" href=\"https:\/\/www.f-d-d.eu\/es\/les-productions\/publications-scientifiques\/\" title=\"Leer m\u00e1s Publicaciones cient\u00edficas\">Leer m\u00e1s <\/a><\/li>\n<\/ul>\n","protected":false},"author":1,"featured_media":717,"parent":479,"menu_order":0,"comment_status":"closed","ping_status":"closed","template":"page-single-production.php","meta":{"footnotes":""},"translation":{"provider":"WPGlobus","version":"2.12.2","language":"es","enabled_languages":["fr","en","es","pt","tr","it"],"languages":{"fr":{"title":true,"content":true,"excerpt":false},"en":{"title":true,"content":true,"excerpt":false},"es":{"title":true,"content":true,"excerpt":false},"pt":{"title":true,"content":true,"excerpt":false},"tr":{"title":true,"content":true,"excerpt":false},"it":{"title":true,"content":true,"excerpt":false}}},"acf":[],"_links":{"self":[{"href":"https:\/\/www.f-d-d.eu\/es\/wp-json\/wp\/v2\/pages\/510"}],"collection":[{"href":"https:\/\/www.f-d-d.eu\/es\/wp-json\/wp\/v2\/pages"}],"about":[{"href":"https:\/\/www.f-d-d.eu\/es\/wp-json\/wp\/v2\/types\/page"}],"author":[{"embeddable":true,"href":"https:\/\/www.f-d-d.eu\/es\/wp-json\/wp\/v2\/users\/1"}],"replies":[{"embeddable":true,"href":"https:\/\/www.f-d-d.eu\/es\/wp-json\/wp\/v2\/comments?post=510"}],"version-history":[{"count":56,"href":"https:\/\/www.f-d-d.eu\/es\/wp-json\/wp\/v2\/pages\/510\/revisions"}],"predecessor-version":[{"id":2234,"href":"https:\/\/www.f-d-d.eu\/es\/wp-json\/wp\/v2\/pages\/510\/revisions\/2234"}],"up":[{"embeddable":true,"href":"https:\/\/www.f-d-d.eu\/es\/wp-json\/wp\/v2\/pages\/479"}],"wp:featuredmedia":[{"embeddable":true,"href":"https:\/\/www.f-d-d.eu\/es\/wp-json\/wp\/v2\/media\/717"}],"wp:attachment":[{"href":"https:\/\/www.f-d-d.eu\/es\/wp-json\/wp\/v2\/media?parent=510"}],"curies":[{"name":"wp","href":"https:\/\/api.w.org\/{rel}","templated":true}]}}