{"id":519,"date":"2020-04-10T16:49:12","date_gmt":"2020-04-10T14:49:12","guid":{"rendered":"http:\/\/www.f-d-d.eu\/?page_id=519"},"modified":"2022-11-15T09:28:46","modified_gmt":"2022-11-15T08:28:46","slug":"le-manifeste","status":"publish","type":"page","link":"https:\/\/www.f-d-d.eu\/es\/les-productions\/le-manifeste\/","title":{"rendered":"Manifiesto"},"content":{"rendered":"<p>Se redactar\u00e1 un manifiesto art\u00edstico al t\u00e9rmino del proyecto. Tendr\u00e1 la funci\u00f3n de expresar unos principios \u00e9ticos y est\u00e9ticos para la puesta en marcha de proyectos art\u00edsticos y participativos. Ese manifiesto ser\u00e1 objeto de un trabajo previo en seminarios organizados al t\u00e9rmino de cada residencia creativa. El manifiesto ser\u00e1 un recurso disponible una vez terminado el proyecto, que servir\u00e1 como herramienta de transmisi\u00f3n de la experiencia.<\/p>\n","protected":false},"excerpt":{"rendered":"<p>Se redactar\u00e1 un manifiesto art\u00edstico al t\u00e9rmino del proyecto. Tendr\u00e1 la funci\u00f3n de expresar unos principios \u00e9ticos y est\u00e9ticos para la puesta en marcha de proyectos art\u00edsticos y participativos. Ese manifiesto ser\u00e1 objeto de un trabajo previo en seminarios organizados al t\u00e9rmino de cada residencia creativa. El manifiesto ser\u00e1 un recurso disponible una vez terminado&#8230;  <\/p>\n<ul class=\"readmore\">\n<li><a class=\"excerpt-read-more\" href=\"https:\/\/www.f-d-d.eu\/es\/les-productions\/le-manifeste\/\" title=\"Leer m\u00e1s Manifiesto\">Leer m\u00e1s <\/a><\/li>\n<\/ul>\n","protected":false},"author":1,"featured_media":722,"parent":479,"menu_order":0,"comment_status":"closed","ping_status":"closed","template":"page-single-production.php","meta":{"footnotes":""},"translation":{"provider":"WPGlobus","version":"2.12.2","language":"es","enabled_languages":["fr","en","es","pt","tr","it"],"languages":{"fr":{"title":true,"content":true,"excerpt":false},"en":{"title":true,"content":true,"excerpt":false},"es":{"title":true,"content":true,"excerpt":false},"pt":{"title":true,"content":true,"excerpt":false},"tr":{"title":true,"content":true,"excerpt":false},"it":{"title":true,"content":true,"excerpt":false}}},"acf":[],"_links":{"self":[{"href":"https:\/\/www.f-d-d.eu\/es\/wp-json\/wp\/v2\/pages\/519"}],"collection":[{"href":"https:\/\/www.f-d-d.eu\/es\/wp-json\/wp\/v2\/pages"}],"about":[{"href":"https:\/\/www.f-d-d.eu\/es\/wp-json\/wp\/v2\/types\/page"}],"author":[{"embeddable":true,"href":"https:\/\/www.f-d-d.eu\/es\/wp-json\/wp\/v2\/users\/1"}],"replies":[{"embeddable":true,"href":"https:\/\/www.f-d-d.eu\/es\/wp-json\/wp\/v2\/comments?post=519"}],"version-history":[{"count":16,"href":"https:\/\/www.f-d-d.eu\/es\/wp-json\/wp\/v2\/pages\/519\/revisions"}],"predecessor-version":[{"id":2246,"href":"https:\/\/www.f-d-d.eu\/es\/wp-json\/wp\/v2\/pages\/519\/revisions\/2246"}],"up":[{"embeddable":true,"href":"https:\/\/www.f-d-d.eu\/es\/wp-json\/wp\/v2\/pages\/479"}],"wp:featuredmedia":[{"embeddable":true,"href":"https:\/\/www.f-d-d.eu\/es\/wp-json\/wp\/v2\/media\/722"}],"wp:attachment":[{"href":"https:\/\/www.f-d-d.eu\/es\/wp-json\/wp\/v2\/media?parent=519"}],"curies":[{"name":"wp","href":"https:\/\/api.w.org\/{rel}","templated":true}]}}