{"id":603,"date":"2020-05-04T11:26:06","date_gmt":"2020-05-04T09:26:06","guid":{"rendered":"http:\/\/www.f-d-d.eu\/?page_id=603"},"modified":"2021-01-25T16:56:06","modified_gmt":"2021-01-25T15:56:06","slug":"fusee-de-detresse-5","status":"publish","type":"page","link":"https:\/\/www.f-d-d.eu\/es\/fusee-de-detresse-5\/","title":{"rendered":"Luz de emergencia #5"},"content":{"rendered":"<p><span class=\"VIiyi\" lang=\"es\"><span class=\"JLqJ4b ChMk0b\" data-language-for-alternatives=\"es\" data-language-to-translate-into=\"auto\" data-phrase-index=\"0\">\u2192 <strong>Dise\u00f1o y coordinaci\u00f3n<\/strong> Effetto Larsen <strong>Direcci\u00f3n art\u00edstica<\/strong> Matteo Lanfranchi <strong>Asistente art\u00edstico<\/strong> Beatrice Cevolani <strong>Dise\u00f1o de sonido<\/strong> Roberto Rettura <strong>Organizaci\u00f3n<\/strong> Isadora Bigazzi, Vittoria Eugenia Lombardi <strong>en colaboraci\u00f3n<\/strong> con la asociaci\u00f3n I Baconiani, Non Riservato y Cooperativa Sociale PoP <strong>Dise\u00f1o gr\u00e1fico<\/strong> por alumnos de<\/span> <span class=\"JLqJ4b ChMk0b\" data-language-for-alternatives=\"es\" data-language-to-translate-into=\"auto\" data-phrase-index=\"1\">Curso de dise\u00f1o de interacci\u00f3n en la Academia de Bellas Artes de la NABA en Mil\u00e1n<\/span><\/span><\/p>\n\n\t\t<style type=\"text\/css\">\n\t\t\t#gallery-1 {\n\t\t\t\tmargin: auto;\n\t\t\t}\n\t\t\t#gallery-1 .gallery-item {\n\t\t\t\tfloat: left;\n\t\t\t\tmargin-top: 10px;\n\t\t\t\ttext-align: center;\n\t\t\t\twidth: 50%;\n\t\t\t}\n\t\t\t#gallery-1 img {\n\t\t\t\tborder: 2px solid #cfcfcf;\n\t\t\t}\n\t\t\t#gallery-1 .gallery-caption {\n\t\t\t\tmargin-left: 0;\n\t\t\t}\n\t\t\t\/* see gallery_shortcode() in wp-includes\/media.php *\/\n\t\t<\/style>\n\t\t<div id='gallery-1' class='gallery galleryid-603 gallery-columns-2 gallery-size-full'><dl class='gallery-item'>\n\t\t\t<dt class='gallery-icon landscape'>\n\t\t\t\t<a href='https:\/\/www.f-d-d.eu\/wp-content\/uploads\/2021\/01\/C51A7689.jpg'><img width=\"1200\" height=\"800\" src=\"https:\/\/www.f-d-d.eu\/wp-content\/uploads\/2021\/01\/C51A7689.jpg\" class=\"attachment-full size-full\" alt=\"\" decoding=\"async\" loading=\"lazy\" srcset=\"https:\/\/www.f-d-d.eu\/wp-content\/uploads\/2021\/01\/C51A7689.jpg 1200w, https:\/\/www.f-d-d.eu\/wp-content\/uploads\/2021\/01\/C51A7689-300x200.jpg 300w, https:\/\/www.f-d-d.eu\/wp-content\/uploads\/2021\/01\/C51A7689-1024x683.jpg 1024w, https:\/\/www.f-d-d.eu\/wp-content\/uploads\/2021\/01\/C51A7689-768x512.jpg 768w\" sizes=\"(max-width: 1200px) 100vw, 1200px\" \/><\/a>\n\t\t\t<\/dt><\/dl><dl class='gallery-item'>\n\t\t\t<dt class='gallery-icon landscape'>\n\t\t\t\t<a href='https:\/\/www.f-d-d.eu\/wp-content\/uploads\/2021\/01\/C51A7692.jpg'><img width=\"1200\" height=\"800\" src=\"https:\/\/www.f-d-d.eu\/wp-content\/uploads\/2021\/01\/C51A7692.jpg\" class=\"attachment-full size-full\" alt=\"\" decoding=\"async\" loading=\"lazy\" srcset=\"https:\/\/www.f-d-d.eu\/wp-content\/uploads\/2021\/01\/C51A7692.jpg 1200w, https:\/\/www.f-d-d.eu\/wp-content\/uploads\/2021\/01\/C51A7692-300x200.jpg 300w, https:\/\/www.f-d-d.eu\/wp-content\/uploads\/2021\/01\/C51A7692-1024x683.jpg 1024w, https:\/\/www.f-d-d.eu\/wp-content\/uploads\/2021\/01\/C51A7692-768x512.jpg 768w\" sizes=\"(max-width: 1200px) 100vw, 1200px\" \/><\/a>\n\t\t\t<\/dt><\/dl><br style=\"clear: both\" \/><dl class='gallery-item'>\n\t\t\t<dt class='gallery-icon landscape'>\n\t\t\t\t<a href='https:\/\/www.f-d-d.eu\/wp-content\/uploads\/2021\/01\/C51A7694.jpg'><img width=\"1200\" height=\"800\" src=\"https:\/\/www.f-d-d.eu\/wp-content\/uploads\/2021\/01\/C51A7694.jpg\" class=\"attachment-full size-full\" alt=\"\" decoding=\"async\" loading=\"lazy\" srcset=\"https:\/\/www.f-d-d.eu\/wp-content\/uploads\/2021\/01\/C51A7694.jpg 1200w, https:\/\/www.f-d-d.eu\/wp-content\/uploads\/2021\/01\/C51A7694-300x200.jpg 300w, https:\/\/www.f-d-d.eu\/wp-content\/uploads\/2021\/01\/C51A7694-1024x683.jpg 1024w, https:\/\/www.f-d-d.eu\/wp-content\/uploads\/2021\/01\/C51A7694-768x512.jpg 768w\" sizes=\"(max-width: 1200px) 100vw, 1200px\" \/><\/a>\n\t\t\t<\/dt><\/dl><dl class='gallery-item'>\n\t\t\t<dt class='gallery-icon landscape'>\n\t\t\t\t<a href='https:\/\/www.f-d-d.eu\/wp-content\/uploads\/2021\/01\/C51A7696.jpg'><img width=\"1200\" height=\"800\" src=\"https:\/\/www.f-d-d.eu\/wp-content\/uploads\/2021\/01\/C51A7696.jpg\" class=\"attachment-full size-full\" alt=\"\" decoding=\"async\" loading=\"lazy\" srcset=\"https:\/\/www.f-d-d.eu\/wp-content\/uploads\/2021\/01\/C51A7696.jpg 1200w, https:\/\/www.f-d-d.eu\/wp-content\/uploads\/2021\/01\/C51A7696-300x200.jpg 300w, https:\/\/www.f-d-d.eu\/wp-content\/uploads\/2021\/01\/C51A7696-1024x683.jpg 1024w, https:\/\/www.f-d-d.eu\/wp-content\/uploads\/2021\/01\/C51A7696-768x512.jpg 768w\" sizes=\"(max-width: 1200px) 100vw, 1200px\" \/><\/a>\n\t\t\t<\/dt><\/dl><br style=\"clear: both\" \/><dl class='gallery-item'>\n\t\t\t<dt class='gallery-icon landscape'>\n\t\t\t\t<a href='https:\/\/www.f-d-d.eu\/wp-content\/uploads\/2021\/01\/C51A7703.jpg'><img width=\"1200\" height=\"800\" src=\"https:\/\/www.f-d-d.eu\/wp-content\/uploads\/2021\/01\/C51A7703.jpg\" class=\"attachment-full size-full\" alt=\"\" decoding=\"async\" loading=\"lazy\" srcset=\"https:\/\/www.f-d-d.eu\/wp-content\/uploads\/2021\/01\/C51A7703.jpg 1200w, https:\/\/www.f-d-d.eu\/wp-content\/uploads\/2021\/01\/C51A7703-300x200.jpg 300w, https:\/\/www.f-d-d.eu\/wp-content\/uploads\/2021\/01\/C51A7703-1024x683.jpg 1024w, https:\/\/www.f-d-d.eu\/wp-content\/uploads\/2021\/01\/C51A7703-768x512.jpg 768w\" sizes=\"(max-width: 1200px) 100vw, 1200px\" \/><\/a>\n\t\t\t<\/dt><\/dl><dl class='gallery-item'>\n\t\t\t<dt class='gallery-icon landscape'>\n\t\t\t\t<a href='https:\/\/www.f-d-d.eu\/wp-content\/uploads\/2021\/01\/C51A7704.jpg'><img width=\"1200\" height=\"800\" src=\"https:\/\/www.f-d-d.eu\/wp-content\/uploads\/2021\/01\/C51A7704.jpg\" class=\"attachment-full size-full\" alt=\"\" decoding=\"async\" loading=\"lazy\" srcset=\"https:\/\/www.f-d-d.eu\/wp-content\/uploads\/2021\/01\/C51A7704.jpg 1200w, https:\/\/www.f-d-d.eu\/wp-content\/uploads\/2021\/01\/C51A7704-300x200.jpg 300w, https:\/\/www.f-d-d.eu\/wp-content\/uploads\/2021\/01\/C51A7704-1024x683.jpg 1024w, https:\/\/www.f-d-d.eu\/wp-content\/uploads\/2021\/01\/C51A7704-768x512.jpg 768w\" sizes=\"(max-width: 1200px) 100vw, 1200px\" \/><\/a>\n\t\t\t<\/dt><\/dl><br style=\"clear: both\" \/><dl class='gallery-item'>\n\t\t\t<dt class='gallery-icon landscape'>\n\t\t\t\t<a href='https:\/\/www.f-d-d.eu\/wp-content\/uploads\/2021\/01\/C51A7712.jpg'><img width=\"1200\" height=\"800\" src=\"https:\/\/www.f-d-d.eu\/wp-content\/uploads\/2021\/01\/C51A7712.jpg\" class=\"attachment-full size-full\" alt=\"\" decoding=\"async\" loading=\"lazy\" srcset=\"https:\/\/www.f-d-d.eu\/wp-content\/uploads\/2021\/01\/C51A7712.jpg 1200w, https:\/\/www.f-d-d.eu\/wp-content\/uploads\/2021\/01\/C51A7712-300x200.jpg 300w, https:\/\/www.f-d-d.eu\/wp-content\/uploads\/2021\/01\/C51A7712-1024x683.jpg 1024w, https:\/\/www.f-d-d.eu\/wp-content\/uploads\/2021\/01\/C51A7712-768x512.jpg 768w\" sizes=\"(max-width: 1200px) 100vw, 1200px\" \/><\/a>\n\t\t\t<\/dt><\/dl><dl class='gallery-item'>\n\t\t\t<dt class='gallery-icon landscape'>\n\t\t\t\t<a href='https:\/\/www.f-d-d.eu\/wp-content\/uploads\/2021\/01\/C51A7713.jpg'><img width=\"1200\" height=\"800\" src=\"https:\/\/www.f-d-d.eu\/wp-content\/uploads\/2021\/01\/C51A7713.jpg\" class=\"attachment-full size-full\" alt=\"\" decoding=\"async\" loading=\"lazy\" srcset=\"https:\/\/www.f-d-d.eu\/wp-content\/uploads\/2021\/01\/C51A7713.jpg 1200w, https:\/\/www.f-d-d.eu\/wp-content\/uploads\/2021\/01\/C51A7713-300x200.jpg 300w, https:\/\/www.f-d-d.eu\/wp-content\/uploads\/2021\/01\/C51A7713-1024x683.jpg 1024w, https:\/\/www.f-d-d.eu\/wp-content\/uploads\/2021\/01\/C51A7713-768x512.jpg 768w\" sizes=\"(max-width: 1200px) 100vw, 1200px\" \/><\/a>\n\t\t\t<\/dt><\/dl><br style=\"clear: both\" \/><dl class='gallery-item'>\n\t\t\t<dt class='gallery-icon landscape'>\n\t\t\t\t<a href='https:\/\/www.f-d-d.eu\/wp-content\/uploads\/2021\/01\/C51A7714.jpg'><img width=\"1200\" height=\"800\" src=\"https:\/\/www.f-d-d.eu\/wp-content\/uploads\/2021\/01\/C51A7714.jpg\" class=\"attachment-full size-full\" alt=\"\" decoding=\"async\" loading=\"lazy\" srcset=\"https:\/\/www.f-d-d.eu\/wp-content\/uploads\/2021\/01\/C51A7714.jpg 1200w, https:\/\/www.f-d-d.eu\/wp-content\/uploads\/2021\/01\/C51A7714-300x200.jpg 300w, https:\/\/www.f-d-d.eu\/wp-content\/uploads\/2021\/01\/C51A7714-1024x683.jpg 1024w, https:\/\/www.f-d-d.eu\/wp-content\/uploads\/2021\/01\/C51A7714-768x512.jpg 768w\" sizes=\"(max-width: 1200px) 100vw, 1200px\" \/><\/a>\n\t\t\t<\/dt><\/dl><dl class='gallery-item'>\n\t\t\t<dt class='gallery-icon landscape'>\n\t\t\t\t<a href='https:\/\/www.f-d-d.eu\/wp-content\/uploads\/2021\/01\/C51A7720.jpg'><img width=\"1200\" height=\"800\" src=\"https:\/\/www.f-d-d.eu\/wp-content\/uploads\/2021\/01\/C51A7720.jpg\" class=\"attachment-full size-full\" alt=\"\" decoding=\"async\" loading=\"lazy\" srcset=\"https:\/\/www.f-d-d.eu\/wp-content\/uploads\/2021\/01\/C51A7720.jpg 1200w, https:\/\/www.f-d-d.eu\/wp-content\/uploads\/2021\/01\/C51A7720-300x200.jpg 300w, https:\/\/www.f-d-d.eu\/wp-content\/uploads\/2021\/01\/C51A7720-1024x683.jpg 1024w, https:\/\/www.f-d-d.eu\/wp-content\/uploads\/2021\/01\/C51A7720-768x512.jpg 768w\" sizes=\"(max-width: 1200px) 100vw, 1200px\" \/><\/a>\n\t\t\t<\/dt><\/dl><br style=\"clear: both\" \/><dl class='gallery-item'>\n\t\t\t<dt class='gallery-icon landscape'>\n\t\t\t\t<a href='https:\/\/www.f-d-d.eu\/wp-content\/uploads\/2021\/01\/C51A7755.jpg'><img width=\"1200\" height=\"800\" src=\"https:\/\/www.f-d-d.eu\/wp-content\/uploads\/2021\/01\/C51A7755.jpg\" class=\"attachment-full size-full\" alt=\"\" decoding=\"async\" loading=\"lazy\" srcset=\"https:\/\/www.f-d-d.eu\/wp-content\/uploads\/2021\/01\/C51A7755.jpg 1200w, https:\/\/www.f-d-d.eu\/wp-content\/uploads\/2021\/01\/C51A7755-300x200.jpg 300w, https:\/\/www.f-d-d.eu\/wp-content\/uploads\/2021\/01\/C51A7755-1024x683.jpg 1024w, https:\/\/www.f-d-d.eu\/wp-content\/uploads\/2021\/01\/C51A7755-768x512.jpg 768w\" sizes=\"(max-width: 1200px) 100vw, 1200px\" \/><\/a>\n\t\t\t<\/dt><\/dl><dl class='gallery-item'>\n\t\t\t<dt class='gallery-icon landscape'>\n\t\t\t\t<a href='https:\/\/www.f-d-d.eu\/wp-content\/uploads\/2021\/01\/C51A7757.jpg'><img width=\"1200\" height=\"800\" src=\"https:\/\/www.f-d-d.eu\/wp-content\/uploads\/2021\/01\/C51A7757.jpg\" class=\"attachment-full size-full\" alt=\"\" decoding=\"async\" loading=\"lazy\" srcset=\"https:\/\/www.f-d-d.eu\/wp-content\/uploads\/2021\/01\/C51A7757.jpg 1200w, https:\/\/www.f-d-d.eu\/wp-content\/uploads\/2021\/01\/C51A7757-300x200.jpg 300w, https:\/\/www.f-d-d.eu\/wp-content\/uploads\/2021\/01\/C51A7757-1024x683.jpg 1024w, https:\/\/www.f-d-d.eu\/wp-content\/uploads\/2021\/01\/C51A7757-768x512.jpg 768w\" sizes=\"(max-width: 1200px) 100vw, 1200px\" \/><\/a>\n\t\t\t<\/dt><\/dl><br style=\"clear: both\" \/><dl class='gallery-item'>\n\t\t\t<dt class='gallery-icon landscape'>\n\t\t\t\t<a href='https:\/\/www.f-d-d.eu\/wp-content\/uploads\/2021\/01\/C51A7763.jpg'><img width=\"1200\" height=\"800\" src=\"https:\/\/www.f-d-d.eu\/wp-content\/uploads\/2021\/01\/C51A7763.jpg\" class=\"attachment-full size-full\" alt=\"\" decoding=\"async\" loading=\"lazy\" srcset=\"https:\/\/www.f-d-d.eu\/wp-content\/uploads\/2021\/01\/C51A7763.jpg 1200w, https:\/\/www.f-d-d.eu\/wp-content\/uploads\/2021\/01\/C51A7763-300x200.jpg 300w, https:\/\/www.f-d-d.eu\/wp-content\/uploads\/2021\/01\/C51A7763-1024x683.jpg 1024w, https:\/\/www.f-d-d.eu\/wp-content\/uploads\/2021\/01\/C51A7763-768x512.jpg 768w\" sizes=\"(max-width: 1200px) 100vw, 1200px\" \/><\/a>\n\t\t\t<\/dt><\/dl><dl class='gallery-item'>\n\t\t\t<dt class='gallery-icon landscape'>\n\t\t\t\t<a href='https:\/\/www.f-d-d.eu\/wp-content\/uploads\/2021\/01\/C51A7765.jpg'><img width=\"1200\" height=\"800\" src=\"https:\/\/www.f-d-d.eu\/wp-content\/uploads\/2021\/01\/C51A7765.jpg\" class=\"attachment-full size-full\" alt=\"\" decoding=\"async\" loading=\"lazy\" srcset=\"https:\/\/www.f-d-d.eu\/wp-content\/uploads\/2021\/01\/C51A7765.jpg 1200w, https:\/\/www.f-d-d.eu\/wp-content\/uploads\/2021\/01\/C51A7765-300x200.jpg 300w, https:\/\/www.f-d-d.eu\/wp-content\/uploads\/2021\/01\/C51A7765-1024x683.jpg 1024w, https:\/\/www.f-d-d.eu\/wp-content\/uploads\/2021\/01\/C51A7765-768x512.jpg 768w\" sizes=\"(max-width: 1200px) 100vw, 1200px\" \/><\/a>\n\t\t\t<\/dt><\/dl><br style=\"clear: both\" \/><dl class='gallery-item'>\n\t\t\t<dt class='gallery-icon landscape'>\n\t\t\t\t<a href='https:\/\/www.f-d-d.eu\/wp-content\/uploads\/2021\/01\/C51A7767.jpg'><img width=\"1200\" height=\"800\" src=\"https:\/\/www.f-d-d.eu\/wp-content\/uploads\/2021\/01\/C51A7767.jpg\" class=\"attachment-full size-full\" alt=\"\" decoding=\"async\" loading=\"lazy\" srcset=\"https:\/\/www.f-d-d.eu\/wp-content\/uploads\/2021\/01\/C51A7767.jpg 1200w, https:\/\/www.f-d-d.eu\/wp-content\/uploads\/2021\/01\/C51A7767-300x200.jpg 300w, https:\/\/www.f-d-d.eu\/wp-content\/uploads\/2021\/01\/C51A7767-1024x683.jpg 1024w, https:\/\/www.f-d-d.eu\/wp-content\/uploads\/2021\/01\/C51A7767-768x512.jpg 768w\" sizes=\"(max-width: 1200px) 100vw, 1200px\" \/><\/a>\n\t\t\t<\/dt><\/dl><dl class='gallery-item'>\n\t\t\t<dt class='gallery-icon landscape'>\n\t\t\t\t<a href='https:\/\/www.f-d-d.eu\/wp-content\/uploads\/2021\/01\/C51A7768.jpg'><img width=\"1200\" height=\"800\" src=\"https:\/\/www.f-d-d.eu\/wp-content\/uploads\/2021\/01\/C51A7768.jpg\" class=\"attachment-full size-full\" alt=\"\" decoding=\"async\" loading=\"lazy\" srcset=\"https:\/\/www.f-d-d.eu\/wp-content\/uploads\/2021\/01\/C51A7768.jpg 1200w, https:\/\/www.f-d-d.eu\/wp-content\/uploads\/2021\/01\/C51A7768-300x200.jpg 300w, https:\/\/www.f-d-d.eu\/wp-content\/uploads\/2021\/01\/C51A7768-1024x683.jpg 1024w, https:\/\/www.f-d-d.eu\/wp-content\/uploads\/2021\/01\/C51A7768-768x512.jpg 768w\" sizes=\"(max-width: 1200px) 100vw, 1200px\" \/><\/a>\n\t\t\t<\/dt><\/dl><br style=\"clear: both\" \/><dl class='gallery-item'>\n\t\t\t<dt class='gallery-icon landscape'>\n\t\t\t\t<a href='https:\/\/www.f-d-d.eu\/wp-content\/uploads\/2021\/01\/C51A7777.jpg'><img width=\"1200\" height=\"800\" src=\"https:\/\/www.f-d-d.eu\/wp-content\/uploads\/2021\/01\/C51A7777.jpg\" class=\"attachment-full size-full\" alt=\"\" decoding=\"async\" loading=\"lazy\" srcset=\"https:\/\/www.f-d-d.eu\/wp-content\/uploads\/2021\/01\/C51A7777.jpg 1200w, https:\/\/www.f-d-d.eu\/wp-content\/uploads\/2021\/01\/C51A7777-300x200.jpg 300w, https:\/\/www.f-d-d.eu\/wp-content\/uploads\/2021\/01\/C51A7777-1024x683.jpg 1024w, https:\/\/www.f-d-d.eu\/wp-content\/uploads\/2021\/01\/C51A7777-768x512.jpg 768w\" sizes=\"(max-width: 1200px) 100vw, 1200px\" \/><\/a>\n\t\t\t<\/dt><\/dl><dl class='gallery-item'>\n\t\t\t<dt class='gallery-icon landscape'>\n\t\t\t\t<a href='https:\/\/www.f-d-d.eu\/wp-content\/uploads\/2021\/01\/C51A7778.jpg'><img width=\"1200\" height=\"800\" src=\"https:\/\/www.f-d-d.eu\/wp-content\/uploads\/2021\/01\/C51A7778.jpg\" class=\"attachment-full size-full\" alt=\"\" decoding=\"async\" loading=\"lazy\" srcset=\"https:\/\/www.f-d-d.eu\/wp-content\/uploads\/2021\/01\/C51A7778.jpg 1200w, https:\/\/www.f-d-d.eu\/wp-content\/uploads\/2021\/01\/C51A7778-300x200.jpg 300w, https:\/\/www.f-d-d.eu\/wp-content\/uploads\/2021\/01\/C51A7778-1024x683.jpg 1024w, https:\/\/www.f-d-d.eu\/wp-content\/uploads\/2021\/01\/C51A7778-768x512.jpg 768w\" sizes=\"(max-width: 1200px) 100vw, 1200px\" \/><\/a>\n\t\t\t<\/dt><\/dl><br style=\"clear: both\" \/><dl class='gallery-item'>\n\t\t\t<dt class='gallery-icon landscape'>\n\t\t\t\t<a href='https:\/\/www.f-d-d.eu\/wp-content\/uploads\/2021\/01\/C51A7785.jpg'><img width=\"1200\" height=\"800\" src=\"https:\/\/www.f-d-d.eu\/wp-content\/uploads\/2021\/01\/C51A7785.jpg\" class=\"attachment-full size-full\" alt=\"\" decoding=\"async\" loading=\"lazy\" srcset=\"https:\/\/www.f-d-d.eu\/wp-content\/uploads\/2021\/01\/C51A7785.jpg 1200w, https:\/\/www.f-d-d.eu\/wp-content\/uploads\/2021\/01\/C51A7785-300x200.jpg 300w, https:\/\/www.f-d-d.eu\/wp-content\/uploads\/2021\/01\/C51A7785-1024x683.jpg 1024w, https:\/\/www.f-d-d.eu\/wp-content\/uploads\/2021\/01\/C51A7785-768x512.jpg 768w\" sizes=\"(max-width: 1200px) 100vw, 1200px\" \/><\/a>\n\t\t\t<\/dt><\/dl><dl class='gallery-item'>\n\t\t\t<dt class='gallery-icon landscape'>\n\t\t\t\t<a href='https:\/\/www.f-d-d.eu\/wp-content\/uploads\/2021\/01\/C51A7795.jpg'><img width=\"1200\" height=\"800\" src=\"https:\/\/www.f-d-d.eu\/wp-content\/uploads\/2021\/01\/C51A7795.jpg\" class=\"attachment-full size-full\" alt=\"\" decoding=\"async\" loading=\"lazy\" srcset=\"https:\/\/www.f-d-d.eu\/wp-content\/uploads\/2021\/01\/C51A7795.jpg 1200w, https:\/\/www.f-d-d.eu\/wp-content\/uploads\/2021\/01\/C51A7795-300x200.jpg 300w, https:\/\/www.f-d-d.eu\/wp-content\/uploads\/2021\/01\/C51A7795-1024x683.jpg 1024w, https:\/\/www.f-d-d.eu\/wp-content\/uploads\/2021\/01\/C51A7795-768x512.jpg 768w\" sizes=\"(max-width: 1200px) 100vw, 1200px\" \/><\/a>\n\t\t\t<\/dt><\/dl><br style=\"clear: both\" \/>\n\t\t<\/div>\n\n<p>\u00a9 Michela Di Savino<\/p>\n","protected":false},"excerpt":{"rendered":"<p>\u2192 Dise\u00f1o y coordinaci\u00f3n Effetto Larsen Direcci\u00f3n art\u00edstica Matteo Lanfranchi Asistente art\u00edstico Beatrice Cevolani Dise\u00f1o de sonido Roberto Rettura Organizaci\u00f3n Isadora Bigazzi, Vittoria Eugenia Lombardi en colaboraci\u00f3n con la asociaci\u00f3n I Baconiani, Non Riservato y Cooperativa Sociale PoP Dise\u00f1o gr\u00e1fico por alumnos de Curso de dise\u00f1o de interacci\u00f3n en la Academia de Bellas Artes de&#8230;  <\/p>\n<ul class=\"readmore\">\n<li><a class=\"excerpt-read-more\" href=\"https:\/\/www.f-d-d.eu\/es\/fusee-de-detresse-5\/\" title=\"Leer m\u00e1s Luz de emergencia #5\">Leer m\u00e1s <\/a><\/li>\n<\/ul>\n","protected":false},"author":1,"featured_media":1623,"parent":0,"menu_order":0,"comment_status":"closed","ping_status":"closed","template":"page-single-spectacle.php","meta":{"footnotes":""},"translation":{"provider":"WPGlobus","version":"2.12.2","language":"es","enabled_languages":["fr","en","es","pt","tr","it"],"languages":{"fr":{"title":true,"content":true,"excerpt":false},"en":{"title":true,"content":true,"excerpt":false},"es":{"title":true,"content":true,"excerpt":false},"pt":{"title":true,"content":true,"excerpt":false},"tr":{"title":true,"content":true,"excerpt":false},"it":{"title":true,"content":true,"excerpt":false}}},"acf":[],"_links":{"self":[{"href":"https:\/\/www.f-d-d.eu\/es\/wp-json\/wp\/v2\/pages\/603"}],"collection":[{"href":"https:\/\/www.f-d-d.eu\/es\/wp-json\/wp\/v2\/pages"}],"about":[{"href":"https:\/\/www.f-d-d.eu\/es\/wp-json\/wp\/v2\/types\/page"}],"author":[{"embeddable":true,"href":"https:\/\/www.f-d-d.eu\/es\/wp-json\/wp\/v2\/users\/1"}],"replies":[{"embeddable":true,"href":"https:\/\/www.f-d-d.eu\/es\/wp-json\/wp\/v2\/comments?post=603"}],"version-history":[{"count":19,"href":"https:\/\/www.f-d-d.eu\/es\/wp-json\/wp\/v2\/pages\/603\/revisions"}],"predecessor-version":[{"id":2216,"href":"https:\/\/www.f-d-d.eu\/es\/wp-json\/wp\/v2\/pages\/603\/revisions\/2216"}],"wp:featuredmedia":[{"embeddable":true,"href":"https:\/\/www.f-d-d.eu\/es\/wp-json\/wp\/v2\/media\/1623"}],"wp:attachment":[{"href":"https:\/\/www.f-d-d.eu\/es\/wp-json\/wp\/v2\/media?parent=603"}],"curies":[{"name":"wp","href":"https:\/\/api.w.org\/{rel}","templated":true}]}}