{"id":516,"date":"2020-04-10T16:48:47","date_gmt":"2020-04-10T14:48:47","guid":{"rendered":"http:\/\/www.f-d-d.eu\/?page_id=516"},"modified":"2022-05-19T11:30:27","modified_gmt":"2022-05-19T09:30:27","slug":"la-journee-des-decideurs-publics","status":"publish","type":"page","link":"https:\/\/www.f-d-d.eu\/it\/les-productions\/la-journee-des-decideurs-publics\/","title":{"rendered":"Giornata destinata ai responsabili delle politiche"},"content":{"rendered":"<p>Una giornata di trasmissione per i decisori pubblici sar\u00e0 organizzata <strong>il 2 giugno 2022 al Mus\u00e9e National de l&#8217;Histoire de l&#8217;Immigration a Parigi<\/strong>.<\/p>\n<p>L&#8217;obiettivo di questa giornata \u00e8 quello di riportare le osservazioni fatte durante la realizzazione del progetto dagli stessi partecipanti. L&#8217;obiettivo \u00e8 quello di stabilire un legame diretto tra la societ\u00e0 civile e i funzionari eletti in Europa, al fine di trasmettere raccomandazioni a questi ultimi.<\/p>\n<p><strong>Registrazione:<\/strong> <a href=\"https:\/\/docs.google.com\/forms\/d\/e\/1FAIpQLSfm3TZLC06xMg9JUxUyMBhnKYVXyke-I5R1V33uTvDBUXXKvg\/viewform?usp=sf_link\" target=\"_blank\" rel=\"noopener\">https:\/\/docs.google.com\/forms\/d\/e\/1FAIpQLSfm3TZLC06xMg9JUxUyMBhnKYVXyke-I5R1V33uTvDBUXXKvg\/viewform?usp=sf_link<\/a><\/p>\n","protected":false},"excerpt":{"rendered":"<p>Una giornata di trasmissione per i decisori pubblici sar\u00e0 organizzata il 2 giugno 2022 al Mus\u00e9e National de l&#8217;Histoire de l&#8217;Immigration a Parigi. L&#8217;obiettivo di questa giornata \u00e8 quello di riportare le osservazioni fatte durante la realizzazione del progetto dagli stessi partecipanti. L&#8217;obiettivo \u00e8 quello di stabilire un legame diretto tra la societ\u00e0 civile e&#8230;  <\/p>\n<ul class=\"readmore\">\n<li><a class=\"excerpt-read-more\" href=\"https:\/\/www.f-d-d.eu\/it\/les-productions\/la-journee-des-decideurs-publics\/\" title=\"Leggi tutto Giornata destinata ai responsabili delle politiche\">Leggi tutto <\/a><\/li>\n<\/ul>\n","protected":false},"author":1,"featured_media":720,"parent":479,"menu_order":0,"comment_status":"closed","ping_status":"closed","template":"page-single-production.php","meta":{"footnotes":""},"translation":{"provider":"WPGlobus","version":"2.12.2","language":"it","enabled_languages":["fr","en","es","pt","tr","it"],"languages":{"fr":{"title":true,"content":true,"excerpt":false},"en":{"title":true,"content":true,"excerpt":false},"es":{"title":true,"content":true,"excerpt":false},"pt":{"title":true,"content":true,"excerpt":false},"tr":{"title":true,"content":true,"excerpt":false},"it":{"title":true,"content":true,"excerpt":false}}},"acf":[],"_links":{"self":[{"href":"https:\/\/www.f-d-d.eu\/it\/wp-json\/wp\/v2\/pages\/516"}],"collection":[{"href":"https:\/\/www.f-d-d.eu\/it\/wp-json\/wp\/v2\/pages"}],"about":[{"href":"https:\/\/www.f-d-d.eu\/it\/wp-json\/wp\/v2\/types\/page"}],"author":[{"embeddable":true,"href":"https:\/\/www.f-d-d.eu\/it\/wp-json\/wp\/v2\/users\/1"}],"replies":[{"embeddable":true,"href":"https:\/\/www.f-d-d.eu\/it\/wp-json\/wp\/v2\/comments?post=516"}],"version-history":[{"count":27,"href":"https:\/\/www.f-d-d.eu\/it\/wp-json\/wp\/v2\/pages\/516\/revisions"}],"predecessor-version":[{"id":2193,"href":"https:\/\/www.f-d-d.eu\/it\/wp-json\/wp\/v2\/pages\/516\/revisions\/2193"}],"up":[{"embeddable":true,"href":"https:\/\/www.f-d-d.eu\/it\/wp-json\/wp\/v2\/pages\/479"}],"wp:featuredmedia":[{"embeddable":true,"href":"https:\/\/www.f-d-d.eu\/it\/wp-json\/wp\/v2\/media\/720"}],"wp:attachment":[{"href":"https:\/\/www.f-d-d.eu\/it\/wp-json\/wp\/v2\/media?parent=516"}],"curies":[{"name":"wp","href":"https:\/\/api.w.org\/{rel}","templated":true}]}}