{"id":451,"date":"2020-01-20T09:25:16","date_gmt":"2020-01-20T08:25:16","guid":{"rendered":"http:\/\/www.f-d-d.eu\/?page_id=451"},"modified":"2021-10-28T17:16:40","modified_gmt":"2021-10-28T15:16:40","slug":"le-projet-artistique","status":"publish","type":"page","link":"https:\/\/www.f-d-d.eu\/pt\/la-demarche\/le-projet-artistique\/","title":{"rendered":"O projeto  art\u00edstico"},"content":{"rendered":"<p>O projeto Foguete de emerg\u00eancia nasceu da vontade de interpelar todos os membros da nossa sociedade (cidad\u00e3os, decisores p\u00fablicos, meios de comunica\u00e7\u00e3o social) sobre a situa\u00e7\u00e3o pol\u00edtica e social atual dos migrantes na Europa. Trata-se de dar voz aos cidad\u00e3os atrav\u00e9s de meios de express\u00e3o art\u00edstica, com o objetivo de enviar sinais de alerta que devem despertar a nossa aten\u00e7\u00e3o coletiva para a perda progressiva de valores humanistas fundamentais (hospitalidade, reconhecimento, aten\u00e7\u00e3o ao Outro).<\/p>\n<p>O foguete de emerg\u00eancia \u00e9 o s\u00edmbolo do projeto. Remete, simultaneamente, para uma experi\u00eancia de desespero partilhada por um grupo de pessoas, mas tamb\u00e9m para a esperan\u00e7a que vem iluminar novos horizontes. Disparado a partir de terra, o foguete de emerg\u00eancia brilha e torna-se assim um novo ponto de refer\u00eancia, um ponto de converg\u00eancia dos olhares e, sobretudo, uma forma de obrigar as pessoas presentes, aos poucos, a agir, a mudar de postura e a concentrar-se coletivamente \u00abno que deve ser socorrido\u00bb. Lan\u00e7ado do solo em dire\u00e7\u00e3o ao c\u00e9u, o movimento vertical do foguete de emerg\u00eancia simboliza tamb\u00e9m a forma como o projeto procura questionar os decisores p\u00fablicos quanto \u00e0 atual situa\u00e7\u00e3o das pessoas migrantes.<\/p>\n<p>A abordagem art\u00edstica prossegue o trabalho realizado para a cria\u00e7\u00e3o da Enciclop\u00e9dia dos migrantes. A ideia original \u00e9 criar formas art\u00edsticas carregadas de sentido que tenham a capacidade de nos interpelar, atrav\u00e9s de uma abordagem sens\u00edvel e \u00edntima, acerca de um tema eminentemente pol\u00edtico. Tal dever\u00e1 levar-nos a interrogarmo-nos, coletiva e individualmente, acerca do futuro da nossa vida em sociedade e sobre os valores que queremos defender. A pesquisa art\u00edstica (cenografia, encena\u00e7\u00e3o, cria\u00e7\u00e3o musical) ser\u00e1 orientada por este princ\u00edpio ao longo de todo o processo de desenvolvimento do projeto. Os textos integrados na Enciclop\u00e9dia dos migrantes, mas tamb\u00e9m os m\u00e9todos que permitiram a sua publica\u00e7\u00e3o, ir\u00e3o servir de ponto de partida para o conjunto das cria\u00e7\u00f5es art\u00edsticas.<\/p>\n<p><em>Os pa\u00edses-alvo para o desenvolvimento do projeto \u00e0 escala europeia s\u00e3o: Fran\u00e7a, B\u00e9lgica, Portugal, Espanha, It\u00e1lia e Turquia.<\/em><\/p>\n<img decoding=\"async\" loading=\"lazy\" class=\"alignnone size-large wp-image-1016\" src=\"http:\/\/www.f-d-d.eu\/wp-content\/uploads\/2020\/07\/carte_projet_site-1024x748.png\" alt=\"\" width=\"640\" height=\"468\" srcset=\"https:\/\/www.f-d-d.eu\/wp-content\/uploads\/2020\/07\/carte_projet_site-1024x748.png 1024w, https:\/\/www.f-d-d.eu\/wp-content\/uploads\/2020\/07\/carte_projet_site-300x219.png 300w, https:\/\/www.f-d-d.eu\/wp-content\/uploads\/2020\/07\/carte_projet_site-768x561.png 768w, https:\/\/www.f-d-d.eu\/wp-content\/uploads\/2020\/07\/carte_projet_site.png 1070w\" sizes=\"(max-width: 640px) 100vw, 640px\" \/>\n<p>Os processos de cria\u00e7\u00e3o art\u00edstica desenvolvidos ao longo do projeto ir\u00e3o associar aos artistas pessoas oriundas de diferentes horizontes. Desta forma, artistas, cidad\u00e3os, investigadores na \u00e1rea das Ci\u00eancias Humanas e Sociais e estudantes das diferentes cidades envolvidas ir\u00e3o contribuir para o projeto, em fun\u00e7\u00e3o da sua experi\u00eancia e vontade, durante o per\u00edodo de trabalho coletivo. Por exemplo, as pessoas oriundas da sociedade civil poder\u00e3o participar nos Grupos de Reflex\u00e3o para trabalhar na metodologia do projeto, ou poder\u00e3o participar no espet\u00e1culo e obter forma\u00e7\u00e3o em t\u00e9cnicas musicais e teatrais, num trabalho conjunto com os artistas. Al\u00e9m disso, os investigadores na \u00e1rea das Ci\u00eancias Humanas e Sociais ser\u00e3o convidados a oferecer, com base na sua especialidade, uma an\u00e1lise cr\u00edtica ao projeto e, particularmente, \u00e0 forma como os direitos culturais s\u00e3o aplicados. Por fim, os estudantes provenientes das escolas de Belas-Artes ir\u00e3o participar na cria\u00e7\u00e3o da identidade gr\u00e1fica do projeto. Desta forma, ser\u00e1 mobilizada uma equipa multidisciplinar e internacional com o objetivo de criar todo o projeto, desde a sua conce\u00e7\u00e3o \u00e0 sua difus\u00e3o, assente num modelo participativo. Os envolvidos ir\u00e3o criar, coletivamente, um espa\u00e7o onde os saberes e o conhecimento podem ser trocados e transmitidos.<\/p>\n","protected":false},"excerpt":{"rendered":"<p>O projeto Foguete de emerg\u00eancia nasceu da vontade de interpelar todos os membros da nossa sociedade (cidad\u00e3os, decisores p\u00fablicos, meios de comunica\u00e7\u00e3o social) sobre a situa\u00e7\u00e3o pol\u00edtica e social atual dos migrantes na Europa. Trata-se de dar voz aos cidad\u00e3os atrav\u00e9s de meios de express\u00e3o art\u00edstica, com o objetivo de enviar sinais de alerta que&#8230;  <\/p>\n<ul class=\"readmore\">\n<li><a class=\"excerpt-read-more\" href=\"https:\/\/www.f-d-d.eu\/pt\/la-demarche\/le-projet-artistique\/\" title=\"Read more O projeto  art\u00edstico\">Read more <\/a><\/li>\n<\/ul>\n","protected":false},"author":1,"featured_media":659,"parent":431,"menu_order":0,"comment_status":"closed","ping_status":"closed","template":"page-single.php","meta":{"footnotes":""},"translation":{"provider":"WPGlobus","version":"2.12.2","language":"pt","enabled_languages":["fr","en","es","pt","tr","it"],"languages":{"fr":{"title":true,"content":true,"excerpt":false},"en":{"title":true,"content":true,"excerpt":false},"es":{"title":true,"content":true,"excerpt":false},"pt":{"title":true,"content":true,"excerpt":false},"tr":{"title":true,"content":true,"excerpt":false},"it":{"title":true,"content":true,"excerpt":false}}},"acf":[],"_links":{"self":[{"href":"https:\/\/www.f-d-d.eu\/pt\/wp-json\/wp\/v2\/pages\/451"}],"collection":[{"href":"https:\/\/www.f-d-d.eu\/pt\/wp-json\/wp\/v2\/pages"}],"about":[{"href":"https:\/\/www.f-d-d.eu\/pt\/wp-json\/wp\/v2\/types\/page"}],"author":[{"embeddable":true,"href":"https:\/\/www.f-d-d.eu\/pt\/wp-json\/wp\/v2\/users\/1"}],"replies":[{"embeddable":true,"href":"https:\/\/www.f-d-d.eu\/pt\/wp-json\/wp\/v2\/comments?post=451"}],"version-history":[{"count":15,"href":"https:\/\/www.f-d-d.eu\/pt\/wp-json\/wp\/v2\/pages\/451\/revisions"}],"predecessor-version":[{"id":2107,"href":"https:\/\/www.f-d-d.eu\/pt\/wp-json\/wp\/v2\/pages\/451\/revisions\/2107"}],"up":[{"embeddable":true,"href":"https:\/\/www.f-d-d.eu\/pt\/wp-json\/wp\/v2\/pages\/431"}],"wp:featuredmedia":[{"embeddable":true,"href":"https:\/\/www.f-d-d.eu\/pt\/wp-json\/wp\/v2\/media\/659"}],"wp:attachment":[{"href":"https:\/\/www.f-d-d.eu\/pt\/wp-json\/wp\/v2\/media?parent=451"}],"curies":[{"name":"wp","href":"https:\/\/api.w.org\/{rel}","templated":true}]}}