{"id":494,"date":"2020-04-10T16:40:59","date_gmt":"2020-04-10T14:40:59","guid":{"rendered":"http:\/\/www.f-d-d.eu\/?page_id=494"},"modified":"2020-07-17T11:30:38","modified_gmt":"2020-07-17T09:30:38","slug":"les-spectacles","status":"publish","type":"page","link":"https:\/\/www.f-d-d.eu\/pt\/les-productions\/les-spectacles\/","title":{"rendered":"Espet\u00e1culos"},"content":{"rendered":"<p><span style=\"color: #ffffff;\">.<\/span><\/p>\n<p>O projeto ir\u00e1 dar origem \u00e0 cria\u00e7\u00e3o de espet\u00e1culos em cada uma das cidades parceiras. Os espet\u00e1culos ter\u00e3o como ponto de partida os textos extra\u00eddos da <a href=\"http:\/\/www.enciclopedia-dos-migrantes.eu\/digital\/\"><em>Enciclop\u00e9dia dos migrantes<\/em><\/a>, e ser\u00e3o interpretados no espa\u00e7o p\u00fablico. Os espet\u00e1culos ser\u00e3o concebidos e dirigidos pelos encenadores profissionais locais para um grupo composto por int\u00e9rpretes amadores.<\/p>\n<p style=\"text-align: center;\">\u2193\u2193\u2193<\/p>\n","protected":false},"excerpt":{"rendered":"<p>. O projeto ir\u00e1 dar origem \u00e0 cria\u00e7\u00e3o de espet\u00e1culos em cada uma das cidades parceiras. Os espet\u00e1culos ter\u00e3o como ponto de partida os textos extra\u00eddos da Enciclop\u00e9dia dos migrantes, e ser\u00e3o interpretados no espa\u00e7o p\u00fablico. Os espet\u00e1culos ser\u00e3o concebidos e dirigidos pelos encenadores profissionais locais para um grupo composto por int\u00e9rpretes amadores. \u2193\u2193\u2193<\/p>\n","protected":false},"author":1,"featured_media":712,"parent":479,"menu_order":0,"comment_status":"closed","ping_status":"closed","template":"page-single-production.php","meta":{"footnotes":""},"translation":{"provider":"WPGlobus","version":"2.12.2","language":"pt","enabled_languages":["fr","en","es","pt","tr","it"],"languages":{"fr":{"title":true,"content":true,"excerpt":false},"en":{"title":true,"content":true,"excerpt":false},"es":{"title":true,"content":true,"excerpt":false},"pt":{"title":true,"content":true,"excerpt":false},"tr":{"title":true,"content":true,"excerpt":false},"it":{"title":true,"content":true,"excerpt":false}}},"acf":[],"_links":{"self":[{"href":"https:\/\/www.f-d-d.eu\/pt\/wp-json\/wp\/v2\/pages\/494"}],"collection":[{"href":"https:\/\/www.f-d-d.eu\/pt\/wp-json\/wp\/v2\/pages"}],"about":[{"href":"https:\/\/www.f-d-d.eu\/pt\/wp-json\/wp\/v2\/types\/page"}],"author":[{"embeddable":true,"href":"https:\/\/www.f-d-d.eu\/pt\/wp-json\/wp\/v2\/users\/1"}],"replies":[{"embeddable":true,"href":"https:\/\/www.f-d-d.eu\/pt\/wp-json\/wp\/v2\/comments?post=494"}],"version-history":[{"count":11,"href":"https:\/\/www.f-d-d.eu\/pt\/wp-json\/wp\/v2\/pages\/494\/revisions"}],"predecessor-version":[{"id":815,"href":"https:\/\/www.f-d-d.eu\/pt\/wp-json\/wp\/v2\/pages\/494\/revisions\/815"}],"up":[{"embeddable":true,"href":"https:\/\/www.f-d-d.eu\/pt\/wp-json\/wp\/v2\/pages\/479"}],"wp:featuredmedia":[{"embeddable":true,"href":"https:\/\/www.f-d-d.eu\/pt\/wp-json\/wp\/v2\/media\/712"}],"wp:attachment":[{"href":"https:\/\/www.f-d-d.eu\/pt\/wp-json\/wp\/v2\/media?parent=494"}],"curies":[{"name":"wp","href":"https:\/\/api.w.org\/{rel}","templated":true}]}}