{"id":510,"date":"2020-04-10T16:47:45","date_gmt":"2020-04-10T14:47:45","guid":{"rendered":"http:\/\/www.f-d-d.eu\/?page_id=510"},"modified":"2022-10-24T12:01:27","modified_gmt":"2022-10-24T10:01:27","slug":"publications-scientifiques","status":"publish","type":"page","link":"https:\/\/www.f-d-d.eu\/pt\/les-productions\/publications-scientifiques\/","title":{"rendered":"Publica\u00e7\u00f5es cient\u00edficas"},"content":{"rendered":"<p>A publica\u00e7\u00e3o cient\u00edfica ser\u00e1 editada no final do projeto, em 2022. Vai reunir dois tipos de contributos cient\u00edficos. Por um lado, contar\u00e1 com 6 textos produzidos por um investigador em cada uma das resid\u00eancias, com as suas observa\u00e7\u00f5es no terreno e as suas reflex\u00f5es sobre o processo evolutivo do projeto. Por outro, incluir\u00e1 textos escritos por investigadores associados ao longo do projeto acerca das tem\u00e1ticas abordadas (cria\u00e7\u00e3o art\u00edstica, migra\u00e7\u00f5es, cidadania, educa\u00e7\u00e3o informal&#8230;). A edi\u00e7\u00e3o ir\u00e1 ainda incluir uma parte documental, que reunir\u00e1 fotografias tiradas durante as v\u00e1rias fases do projeto.<\/p>\n<p><span class=\"VIiyi\" lang=\"pt\"><span class=\"JLqJ4b ChMk0b\" data-language-for-alternatives=\"pt\" data-language-to-translate-into=\"fr\" data-phrase-index=\"0\">Di\u00e1rios de investigadores<\/span><\/span> :<\/p>\n<p>\u2014\u00a0<em>Foguete de emerg\u00eancia #2<\/em> (Bruxelas, BEL) : <a href=\"http:\/\/www.f-d-d.eu\/wp-content\/uploads\/2021\/03\/Journal-FDD-2_Gudrun-Ledegen.pdf\" target=\"_blank\" rel=\"noopener\">Gudrun Ledegen<\/a><\/p>\n<p>\u2014\u00a0<em>Foguete de emerg\u00eancia #3<\/em> (Istambul, TR) : <a href=\"http:\/\/www.f-d-d.eu\/wp-content\/uploads\/2021\/03\/Journal-FDD-3_Didem-Danis.pdf\" target=\"_blank\" rel=\"noopener\">Didem Dani\u015f<\/a><\/p>\n<p>\u2014 <em>Foguete de emerg\u00eancia #4<\/em> (Barcelona, ES) : <a href=\"http:\/\/www.f-d-d.eu\/wp-content\/uploads\/2021\/03\/Journal-FDD-4_Asun-Martin-1.pdf\" target=\"_blank\" rel=\"noopener\">Asun Pi\u00e9 Balaguer &amp; Mart\u00edn Correa Urquiza<\/a><\/p>\n<p>\u2014\u00a0<em>Foguete de emerg\u00eancia #5<\/em> (<span class=\"VIiyi\" lang=\"pt\"><span class=\"JLqJ4b ChMk0b\" data-language-for-alternatives=\"pt\" data-language-to-translate-into=\"fr\" data-phrase-index=\"0\">Mil\u00e3o<\/span><\/span>, IT) : <a href=\"http:\/\/www.f-d-d.eu\/wp-content\/uploads\/2021\/03\/Journal-FDD-5_Italie.pdf\" target=\"_blank\" rel=\"noopener\">Alessandra Frigerio &amp; Edoardo Zulato<\/a><\/p>\n<p>\u2014\u00a0<em>Foguete de emerg\u00eancia #6<\/em> (Lisboa, PT) : <a href=\"http:\/\/www.f-d-d.eu\/wp-content\/uploads\/2021\/09\/Journal-FDD-6_Luisa-Ferreira-da-Silva-v2.pdf\" target=\"_blank\" rel=\"noopener\">Lu\u00edsa Ferreira da Silva<\/a><em><br \/>\n<\/em><\/p>\n<p>\u2014\u00a0<em>Foguete de emerg\u00eancia #7<\/em> (Rennes, FR) : <a href=\"http:\/\/www.f-d-d.eu\/wp-content\/uploads\/2021\/09\/Journal-FDD-7_Anne-Morillon.pdf\" target=\"_blank\" rel=\"noopener\">Anne Morillon<\/a><em><br \/>\n<\/em><\/p>\n","protected":false},"excerpt":{"rendered":"<p>A publica\u00e7\u00e3o cient\u00edfica ser\u00e1 editada no final do projeto, em 2022. Vai reunir dois tipos de contributos cient\u00edficos. Por um lado, contar\u00e1 com 6 textos produzidos por um investigador em cada uma das resid\u00eancias, com as suas observa\u00e7\u00f5es no terreno e as suas reflex\u00f5es sobre o processo evolutivo do projeto. Por outro, incluir\u00e1 textos escritos&#8230;  <\/p>\n<ul class=\"readmore\">\n<li><a class=\"excerpt-read-more\" href=\"https:\/\/www.f-d-d.eu\/pt\/les-productions\/publications-scientifiques\/\" title=\"Read more Publica\u00e7\u00f5es cient\u00edficas\">Read more <\/a><\/li>\n<\/ul>\n","protected":false},"author":1,"featured_media":717,"parent":479,"menu_order":0,"comment_status":"closed","ping_status":"closed","template":"page-single-production.php","meta":{"footnotes":""},"translation":{"provider":"WPGlobus","version":"2.12.2","language":"pt","enabled_languages":["fr","en","es","pt","tr","it"],"languages":{"fr":{"title":true,"content":true,"excerpt":false},"en":{"title":true,"content":true,"excerpt":false},"es":{"title":true,"content":true,"excerpt":false},"pt":{"title":true,"content":true,"excerpt":false},"tr":{"title":true,"content":true,"excerpt":false},"it":{"title":true,"content":true,"excerpt":false}}},"acf":[],"_links":{"self":[{"href":"https:\/\/www.f-d-d.eu\/pt\/wp-json\/wp\/v2\/pages\/510"}],"collection":[{"href":"https:\/\/www.f-d-d.eu\/pt\/wp-json\/wp\/v2\/pages"}],"about":[{"href":"https:\/\/www.f-d-d.eu\/pt\/wp-json\/wp\/v2\/types\/page"}],"author":[{"embeddable":true,"href":"https:\/\/www.f-d-d.eu\/pt\/wp-json\/wp\/v2\/users\/1"}],"replies":[{"embeddable":true,"href":"https:\/\/www.f-d-d.eu\/pt\/wp-json\/wp\/v2\/comments?post=510"}],"version-history":[{"count":56,"href":"https:\/\/www.f-d-d.eu\/pt\/wp-json\/wp\/v2\/pages\/510\/revisions"}],"predecessor-version":[{"id":2234,"href":"https:\/\/www.f-d-d.eu\/pt\/wp-json\/wp\/v2\/pages\/510\/revisions\/2234"}],"up":[{"embeddable":true,"href":"https:\/\/www.f-d-d.eu\/pt\/wp-json\/wp\/v2\/pages\/479"}],"wp:featuredmedia":[{"embeddable":true,"href":"https:\/\/www.f-d-d.eu\/pt\/wp-json\/wp\/v2\/media\/717"}],"wp:attachment":[{"href":"https:\/\/www.f-d-d.eu\/pt\/wp-json\/wp\/v2\/media?parent=510"}],"curies":[{"name":"wp","href":"https:\/\/api.w.org\/{rel}","templated":true}]}}