{"id":516,"date":"2020-04-10T16:48:47","date_gmt":"2020-04-10T14:48:47","guid":{"rendered":"http:\/\/www.f-d-d.eu\/?page_id=516"},"modified":"2022-05-19T11:30:27","modified_gmt":"2022-05-19T09:30:27","slug":"la-journee-des-decideurs-publics","status":"publish","type":"page","link":"https:\/\/www.f-d-d.eu\/pt\/les-productions\/la-journee-des-decideurs-publics\/","title":{"rendered":"Um dia dirigido aos decisores p\u00fablicos"},"content":{"rendered":"<p>Um dia de transmiss\u00e3o para os decisores p\u00fablicos ser\u00e1 organizado a <strong>2 de Junho de 2022 no Mus\u00e9e National de l&#8217;Histoire de l&#8217;Immigration em Paris<\/strong>.<\/p>\n<p>O objectivo deste dia \u00e9 trazer de volta as observa\u00e7\u00f5es feitas durante a implementa\u00e7\u00e3o do projecto pelos pr\u00f3prios participantes. O objectivo \u00e9 estabelecer uma liga\u00e7\u00e3o directa entre a sociedade civil e os funcion\u00e1rios eleitos na Europa, a fim de transmitir recomenda\u00e7\u00f5es a estes \u00faltimos.<\/p>\n<p><strong>Inscri\u00e7\u00e3o:<\/strong> <a href=\"https:\/\/docs.google.com\/forms\/d\/e\/1FAIpQLSfm3TZLC06xMg9JUxUyMBhnKYVXyke-I5R1V33uTvDBUXXKvg\/viewform?usp=sf_link\" target=\"_blank\" rel=\"noopener\">https:\/\/docs.google.com\/forms\/d\/e\/1FAIpQLSfm3TZLC06xMg9JUxUyMBhnKYVXyke-I5R1V33uTvDBUXXKvg\/viewform?usp=sf_link<\/a><\/p>\n","protected":false},"excerpt":{"rendered":"<p>Um dia de transmiss\u00e3o para os decisores p\u00fablicos ser\u00e1 organizado a 2 de Junho de 2022 no Mus\u00e9e National de l&#8217;Histoire de l&#8217;Immigration em Paris. O objectivo deste dia \u00e9 trazer de volta as observa\u00e7\u00f5es feitas durante a implementa\u00e7\u00e3o do projecto pelos pr\u00f3prios participantes. O objectivo \u00e9 estabelecer uma liga\u00e7\u00e3o directa entre a sociedade civil&#8230;  <\/p>\n<ul class=\"readmore\">\n<li><a class=\"excerpt-read-more\" href=\"https:\/\/www.f-d-d.eu\/pt\/les-productions\/la-journee-des-decideurs-publics\/\" title=\"Read more Um dia dirigido aos decisores p\u00fablicos\">Read more <\/a><\/li>\n<\/ul>\n","protected":false},"author":1,"featured_media":720,"parent":479,"menu_order":0,"comment_status":"closed","ping_status":"closed","template":"page-single-production.php","meta":{"footnotes":""},"translation":{"provider":"WPGlobus","version":"2.12.2","language":"pt","enabled_languages":["fr","en","es","pt","tr","it"],"languages":{"fr":{"title":true,"content":true,"excerpt":false},"en":{"title":true,"content":true,"excerpt":false},"es":{"title":true,"content":true,"excerpt":false},"pt":{"title":true,"content":true,"excerpt":false},"tr":{"title":true,"content":true,"excerpt":false},"it":{"title":true,"content":true,"excerpt":false}}},"acf":[],"_links":{"self":[{"href":"https:\/\/www.f-d-d.eu\/pt\/wp-json\/wp\/v2\/pages\/516"}],"collection":[{"href":"https:\/\/www.f-d-d.eu\/pt\/wp-json\/wp\/v2\/pages"}],"about":[{"href":"https:\/\/www.f-d-d.eu\/pt\/wp-json\/wp\/v2\/types\/page"}],"author":[{"embeddable":true,"href":"https:\/\/www.f-d-d.eu\/pt\/wp-json\/wp\/v2\/users\/1"}],"replies":[{"embeddable":true,"href":"https:\/\/www.f-d-d.eu\/pt\/wp-json\/wp\/v2\/comments?post=516"}],"version-history":[{"count":27,"href":"https:\/\/www.f-d-d.eu\/pt\/wp-json\/wp\/v2\/pages\/516\/revisions"}],"predecessor-version":[{"id":2193,"href":"https:\/\/www.f-d-d.eu\/pt\/wp-json\/wp\/v2\/pages\/516\/revisions\/2193"}],"up":[{"embeddable":true,"href":"https:\/\/www.f-d-d.eu\/pt\/wp-json\/wp\/v2\/pages\/479"}],"wp:featuredmedia":[{"embeddable":true,"href":"https:\/\/www.f-d-d.eu\/pt\/wp-json\/wp\/v2\/media\/720"}],"wp:attachment":[{"href":"https:\/\/www.f-d-d.eu\/pt\/wp-json\/wp\/v2\/media?parent=516"}],"curies":[{"name":"wp","href":"https:\/\/api.w.org\/{rel}","templated":true}]}}