{"id":92,"date":"2019-09-16T11:16:40","date_gmt":"2019-09-16T09:16:40","guid":{"rendered":"http:\/\/www.f-d-d.eu\/?page_id=92"},"modified":"2020-09-16T09:41:58","modified_gmt":"2020-09-16T07:41:58","slug":"credits","status":"publish","type":"page","link":"https:\/\/www.f-d-d.eu\/pt\/credits\/","title":{"rendered":"Cr\u00e9ditos"},"content":{"rendered":"<p><span style=\"color: #000000;\"><strong>Organismo respons\u00e1vel pela edi\u00e7\u00e3o:<\/strong> Associa\u00e7\u00e3o <em>L&#8217;\u00e2ge de la tortue<\/em>\u2028<\/span><br \/>\n<span style=\"color: #000000;\"><strong>Diretor da publica\u00e7\u00e3o:<\/strong> Antoine Chaudet \u2013 <em>L&#8217;\u00e2ge de la tortue<br \/>\n<\/em><strong>Design gr\u00e1fico:<\/strong> Antoine Chaudet e Enzo Hardy\u2028<\/span><br \/>\n<span style=\"color: #000000;\"><strong>Design e desenvolvimento:<\/strong> Antoine Chaudet, Yann Garandel, Enzo Hardy, Am\u00e9lie Murie, Elsa Colas<\/span><\/p>\n<p><strong>Estrutura de alojamento:<\/strong> Universidade de Rennes 2<br \/>\n<strong>\u2028Servi\u00e7o:<\/strong>\u00a0Centro de Recursos e de Estudos Audiovisuais<\/p>\n","protected":false},"excerpt":{"rendered":"<p>Organismo respons\u00e1vel pela edi\u00e7\u00e3o: Associa\u00e7\u00e3o L&#8217;\u00e2ge de la tortue\u2028 Diretor da publica\u00e7\u00e3o: Antoine Chaudet \u2013 L&#8217;\u00e2ge de la tortue Design gr\u00e1fico: Antoine Chaudet e Enzo Hardy\u2028 Design e desenvolvimento: Antoine Chaudet, Yann Garandel, Enzo Hardy, Am\u00e9lie Murie, Elsa Colas Estrutura de alojamento: Universidade de Rennes 2 \u2028Servi\u00e7o:\u00a0Centro de Recursos e de Estudos Audiovisuais<\/p>\n","protected":false},"author":1,"featured_media":0,"parent":0,"menu_order":0,"comment_status":"closed","ping_status":"closed","template":"page-partenaires.php","meta":{"footnotes":""},"translation":{"provider":"WPGlobus","version":"2.12.2","language":"pt","enabled_languages":["fr","en","es","pt","tr","it"],"languages":{"fr":{"title":true,"content":true,"excerpt":false},"en":{"title":true,"content":true,"excerpt":false},"es":{"title":true,"content":true,"excerpt":false},"pt":{"title":true,"content":true,"excerpt":false},"tr":{"title":true,"content":true,"excerpt":false},"it":{"title":true,"content":true,"excerpt":false}}},"acf":[],"_links":{"self":[{"href":"https:\/\/www.f-d-d.eu\/pt\/wp-json\/wp\/v2\/pages\/92"}],"collection":[{"href":"https:\/\/www.f-d-d.eu\/pt\/wp-json\/wp\/v2\/pages"}],"about":[{"href":"https:\/\/www.f-d-d.eu\/pt\/wp-json\/wp\/v2\/types\/page"}],"author":[{"embeddable":true,"href":"https:\/\/www.f-d-d.eu\/pt\/wp-json\/wp\/v2\/users\/1"}],"replies":[{"embeddable":true,"href":"https:\/\/www.f-d-d.eu\/pt\/wp-json\/wp\/v2\/comments?post=92"}],"version-history":[{"count":10,"href":"https:\/\/www.f-d-d.eu\/pt\/wp-json\/wp\/v2\/pages\/92\/revisions"}],"predecessor-version":[{"id":1390,"href":"https:\/\/www.f-d-d.eu\/pt\/wp-json\/wp\/v2\/pages\/92\/revisions\/1390"}],"wp:attachment":[{"href":"https:\/\/www.f-d-d.eu\/pt\/wp-json\/wp\/v2\/media?parent=92"}],"curies":[{"name":"wp","href":"https:\/\/api.w.org\/{rel}","templated":true}]}}