{"id":2,"date":"2019-09-11T10:01:51","date_gmt":"2019-09-11T08:01:51","guid":{"rendered":"http:\/\/www.f-d-d.eu\/?page_id=2"},"modified":"2022-07-08T09:38:22","modified_gmt":"2022-07-08T07:38:22","slug":"page-d-exemple","status":"publish","type":"page","link":"https:\/\/www.f-d-d.eu\/tr\/","title":{"rendered":"\u0130mdat fi\u015fe\u011fi"},"content":{"rendered":"<p><em>\u0130mdat fi\u015fe\u011fi<\/em>, Paloma Fern\u00e1ndez Sobrino taraf\u0131ndan tasarlanan ve <em><a href=\"http:\/\/encyclopedie-des-migrants.eu\/\">L\u2019Encyclop\u00e9die des migrants<\/a><\/em> projesinin yay\u0131nlanmas\u0131n\u0131n ard\u0131ndan <em><a href=\"http:\/\/www.agedelatortue.org\/\">L\u2019\u00e2ge de la tortue<\/a><\/em> derne\u011fi taraf\u0131ndan koordine edilen sanatsal bir projedir. Bu uluslar\u00f6tesi proje, bug\u00fcn Avrupa&#8217;daki g\u00f6\u00e7menlerin politik ve sosyal durumunu sorgulama arzusundan do\u011fmu\u015ftur.<\/p>\n","protected":false},"excerpt":{"rendered":"<p>\u0130mdat fi\u015fe\u011fi, Paloma Fern\u00e1ndez Sobrino taraf\u0131ndan tasarlanan ve L\u2019Encyclop\u00e9die des migrants projesinin yay\u0131nlanmas\u0131n\u0131n ard\u0131ndan L\u2019\u00e2ge de la tortue derne\u011fi taraf\u0131ndan koordine edilen sanatsal bir projedir. Bu uluslar\u00f6tesi proje, bug\u00fcn Avrupa&#8217;daki g\u00f6\u00e7menlerin politik ve sosyal durumunu sorgulama arzusundan do\u011fmu\u015ftur.<\/p>\n","protected":false},"author":1,"featured_media":0,"parent":0,"menu_order":0,"comment_status":"closed","ping_status":"open","template":"page-accueil.php","meta":{"footnotes":""},"translation":{"provider":"WPGlobus","version":"2.12.2","language":"tr","enabled_languages":["fr","en","es","pt","tr","it"],"languages":{"fr":{"title":true,"content":true,"excerpt":false},"en":{"title":true,"content":true,"excerpt":false},"es":{"title":true,"content":true,"excerpt":false},"pt":{"title":true,"content":true,"excerpt":false},"tr":{"title":true,"content":true,"excerpt":false},"it":{"title":true,"content":true,"excerpt":false}}},"acf":[],"_links":{"self":[{"href":"https:\/\/www.f-d-d.eu\/tr\/wp-json\/wp\/v2\/pages\/2"}],"collection":[{"href":"https:\/\/www.f-d-d.eu\/tr\/wp-json\/wp\/v2\/pages"}],"about":[{"href":"https:\/\/www.f-d-d.eu\/tr\/wp-json\/wp\/v2\/types\/page"}],"author":[{"embeddable":true,"href":"https:\/\/www.f-d-d.eu\/tr\/wp-json\/wp\/v2\/users\/1"}],"replies":[{"embeddable":true,"href":"https:\/\/www.f-d-d.eu\/tr\/wp-json\/wp\/v2\/comments?post=2"}],"version-history":[{"count":83,"href":"https:\/\/www.f-d-d.eu\/tr\/wp-json\/wp\/v2\/pages\/2\/revisions"}],"predecessor-version":[{"id":2210,"href":"https:\/\/www.f-d-d.eu\/tr\/wp-json\/wp\/v2\/pages\/2\/revisions\/2210"}],"wp:attachment":[{"href":"https:\/\/www.f-d-d.eu\/tr\/wp-json\/wp\/v2\/media?parent=2"}],"curies":[{"name":"wp","href":"https:\/\/api.w.org\/{rel}","templated":true}]}}