{"id":451,"date":"2020-01-20T09:25:16","date_gmt":"2020-01-20T08:25:16","guid":{"rendered":"http:\/\/www.f-d-d.eu\/?page_id=451"},"modified":"2021-10-28T17:16:40","modified_gmt":"2021-10-28T15:16:40","slug":"le-projet-artistique","status":"publish","type":"page","link":"https:\/\/www.f-d-d.eu\/tr\/la-demarche\/le-projet-artistique\/","title":{"rendered":"Sanatsal  proje"},"content":{"rendered":"<p>\u0130mdat Fi\u015fe\u011fi, \u00e7a\u011fda\u015f toplumlar\u0131m\u0131z\u0131 olu\u015fturan t\u00fcm unsurlar\u0131 (yurtta\u015flar, kamu idarecileri, medya) g\u00fcn\u00fcm\u00fcz Avrupas\u0131\u2019ndaki g\u00f6\u00e7menlerin siyasal ve sosyal durumu konusunda harekete ge\u00e7irme arzusundan do\u011fdu. Konukseverlik, takdir, \u00f6tekine dikkat gibi baz\u0131 insani de\u011ferlerin giderek kayboldu\u011funa dair bizi ikaz edecek g\u00fc\u00e7l\u00fc i\u015faretler g\u00f6ndermek amac\u0131yla, yurtta\u015flar\u0131n sanatsal ifadelerle seslerini duyurmas\u0131 fikrine dayan\u0131yor.<\/p>\n<p>\u0130mdat fi\u015fe\u011fi, proje kapsam\u0131nda bir ana sembol olarak kullan\u0131l\u0131yor. Bir grup insan taraf\u0131ndan payla\u015f\u0131lan bir \u00e7aresizlik deneyimine at\u0131fta bulunmakla birlikte, yeni ufuklara \u0131\u015f\u0131k tutan bir umut \u0131\u015f\u0131\u011f\u0131 da sunuyor. Yerden ate\u015flenen i\u015faret fi\u015fe\u011fi par\u0131ldamaya ba\u015fl\u0131yor ve yeni bir nirengi noktas\u0131na, t\u00fcm bak\u0131\u015flar\u0131n odaklanaca\u011f\u0131 bir hedefe ve orada bulunan herkesin yava\u015f yava\u015f hareket etmesini, duru\u015funu de\u011fi\u015ftirmesini ve \u201ckurtar\u0131lmas\u0131 gerekene\u201d odaklanmas\u0131n\u0131 sa\u011flayacak bir araca d\u00f6n\u00fc\u015f\u00fcyor. Yerden g\u00f6ky\u00fcz\u00fcne do\u011fru ate\u015flenen imdat fi\u015fe\u011finin dikey hareketi, projenin kamu yetkililerine g\u00f6\u00e7menlerin g\u00fcncel durumuna dair soru sorma amac\u0131n\u0131 da simgeliyor.<\/p>\n<p>Sanatsal y\u00f6ntem, G\u00f6\u00e7men Ansiklopedisi\u2019nin haz\u0131rlanmas\u0131 s\u0131ras\u0131nda ba\u015flat\u0131lan \u00e7al\u0131\u015fmay\u0131 devam ettiriyor. Ba\u015flang\u0131\u00e7 fikrinin, hassas ve samimi bir yakla\u015f\u0131mla bizi son derece politik bir konuda harekete ge\u00e7irebilecek anlaml\u0131 sanatsal formlar olu\u015fturmak oldu\u011funu s\u00f6yleyebiliriz. Bunun bizleri toplumsal hayat\u0131m\u0131z\u0131n gelece\u011fi ve savunmak istedi\u011fimiz de\u011ferler hakk\u0131nda topluca ve bireysel olarak kafa yormaya y\u00f6neltmesini bekliyoruz. Sanatsal aray\u0131\u015f (senografi, sahneleme, m\u00fczikal \u00fcretim), projenin t\u00fcm a\u015famalar\u0131nda bu ilkeye sad\u0131k kalacak. G\u00f6\u00e7men Ansiklopedisi\u2019nde yer alan metinler ve bunlar\u0131n yay\u0131nlanmas\u0131na a\u015famas\u0131nda benimsenen y\u00f6ntemler, sanatsal \u00fcretimin tamam\u0131 i\u00e7in \u00e7\u0131k\u0131\u015f noktas\u0131 olu\u015fturacak.<\/p>\n<p><em>Projenin Avrupa \u00f6l\u00e7e\u011finde geli\u015fimi i\u00e7in hedeflenen \u00fclkeler \u015f\u00f6yle: Fransa, Bel\u00e7ika, Portekiz, \u0130spanya, \u0130talya ve T\u00fcrkiye.<\/em><\/p>\n<img decoding=\"async\" loading=\"lazy\" class=\"alignnone size-large wp-image-1016\" src=\"http:\/\/www.f-d-d.eu\/wp-content\/uploads\/2020\/07\/carte_projet_site-1024x748.png\" alt=\"\" width=\"640\" height=\"468\" srcset=\"https:\/\/www.f-d-d.eu\/wp-content\/uploads\/2020\/07\/carte_projet_site-1024x748.png 1024w, https:\/\/www.f-d-d.eu\/wp-content\/uploads\/2020\/07\/carte_projet_site-300x219.png 300w, https:\/\/www.f-d-d.eu\/wp-content\/uploads\/2020\/07\/carte_projet_site-768x561.png 768w, https:\/\/www.f-d-d.eu\/wp-content\/uploads\/2020\/07\/carte_projet_site.png 1070w\" sizes=\"(max-width: 640px) 100vw, 640px\" \/>\n<p>Proje boyunca geli\u015ftirilen sanatsal \u00fcretim s\u00fcre\u00e7lerine, farkl\u0131 ufuklardan gelen sanat\u00e7\u0131lar e\u015flik edecek. B\u00f6ylece, proje kapsam\u0131nda yer alan \u015fehirlerdeki farkl\u0131 ki\u015filer, sanat\u00e7\u0131lar, kent sakinleri, be\u015feri ve sosyal bilimler alan\u0131nda \u00e7al\u0131\u015fan ara\u015ft\u0131rmac\u0131lar ve \u00f6\u011frenciler, uzmanl\u0131klar\u0131 ve arzular\u0131 \u00f6l\u00e7\u00fcs\u00fcnde, kolektif \u00e7al\u0131\u015fma s\u00fcrecinde projeye katk\u0131da bulunacaklar. \u00d6rne\u011fin, sivil toplumdan ki\u015filer, projenin metodolojisi \u00fczerinde \u00e7al\u0131\u015fmak \u00fczere D\u00fc\u015f\u00fcnce Gruplar\u0131\u2019na veya sanat\u00e7\u0131lar\u0131n yan\u0131nda m\u00fczik ve tiyatro teknikleri hakk\u0131nda bilgi edinerek g\u00f6steriye kat\u0131labilecekler. Be\u015feri bilimler alan\u0131nda \u00e7al\u0131\u015fan ara\u015ft\u0131rmac\u0131lar ise, kendi uzmanl\u0131k alanlar\u0131ndan hareketle projeye ve \u00f6zellikle k\u00fclt\u00fcrel haklar\u0131n uygulamaya konma \u015fekline ele\u015ftirel bir yakla\u015f\u0131mda bulunmaya davet edilecekler. G\u00fczel sanatlar \u00f6\u011frencileri, projenin grafik kimli\u011finin yarat\u0131lmas\u0131na katk\u0131da bulunacaklar. B\u00f6ylece, \u00e7ok y\u00f6nl\u00fc uluslararas\u0131 bir ekip, projeyi tasar\u0131m\u0131ndan yayg\u0131nla\u015ft\u0131r\u0131lmas\u0131na dek i\u015fbirli\u011fine dayal\u0131 bir model etraf\u0131nda y\u00fcr\u00fctmek i\u00e7in seferber olacak. Kat\u0131l\u0131mc\u0131lar hep birlikte bilgi ve tecr\u00fcbenin payla\u015f\u0131ld\u0131\u011f\u0131 ve aktar\u0131ld\u0131\u011f\u0131 bir ortam yaratacaklar.<\/p>\n","protected":false},"excerpt":{"rendered":"<p>\u0130mdat Fi\u015fe\u011fi, \u00e7a\u011fda\u015f toplumlar\u0131m\u0131z\u0131 olu\u015fturan t\u00fcm unsurlar\u0131 (yurtta\u015flar, kamu idarecileri, medya) g\u00fcn\u00fcm\u00fcz Avrupas\u0131\u2019ndaki g\u00f6\u00e7menlerin siyasal ve sosyal durumu konusunda harekete ge\u00e7irme arzusundan do\u011fdu. Konukseverlik, takdir, \u00f6tekine dikkat gibi baz\u0131 insani de\u011ferlerin giderek kayboldu\u011funa dair bizi ikaz edecek g\u00fc\u00e7l\u00fc i\u015faretler g\u00f6ndermek amac\u0131yla, yurtta\u015flar\u0131n sanatsal ifadelerle seslerini duyurmas\u0131 fikrine dayan\u0131yor. \u0130mdat fi\u015fe\u011fi, proje kapsam\u0131nda bir ana sembol&#8230;  <\/p>\n<ul class=\"readmore\">\n<li><a class=\"excerpt-read-more\" href=\"https:\/\/www.f-d-d.eu\/tr\/la-demarche\/le-projet-artistique\/\" title=\"Daha fazla oku Sanatsal  proje\">Daha fazla oku <\/a><\/li>\n<\/ul>\n","protected":false},"author":1,"featured_media":659,"parent":431,"menu_order":0,"comment_status":"closed","ping_status":"closed","template":"page-single.php","meta":{"footnotes":""},"translation":{"provider":"WPGlobus","version":"2.12.2","language":"tr","enabled_languages":["fr","en","es","pt","tr","it"],"languages":{"fr":{"title":true,"content":true,"excerpt":false},"en":{"title":true,"content":true,"excerpt":false},"es":{"title":true,"content":true,"excerpt":false},"pt":{"title":true,"content":true,"excerpt":false},"tr":{"title":true,"content":true,"excerpt":false},"it":{"title":true,"content":true,"excerpt":false}}},"acf":[],"_links":{"self":[{"href":"https:\/\/www.f-d-d.eu\/tr\/wp-json\/wp\/v2\/pages\/451"}],"collection":[{"href":"https:\/\/www.f-d-d.eu\/tr\/wp-json\/wp\/v2\/pages"}],"about":[{"href":"https:\/\/www.f-d-d.eu\/tr\/wp-json\/wp\/v2\/types\/page"}],"author":[{"embeddable":true,"href":"https:\/\/www.f-d-d.eu\/tr\/wp-json\/wp\/v2\/users\/1"}],"replies":[{"embeddable":true,"href":"https:\/\/www.f-d-d.eu\/tr\/wp-json\/wp\/v2\/comments?post=451"}],"version-history":[{"count":15,"href":"https:\/\/www.f-d-d.eu\/tr\/wp-json\/wp\/v2\/pages\/451\/revisions"}],"predecessor-version":[{"id":2107,"href":"https:\/\/www.f-d-d.eu\/tr\/wp-json\/wp\/v2\/pages\/451\/revisions\/2107"}],"up":[{"embeddable":true,"href":"https:\/\/www.f-d-d.eu\/tr\/wp-json\/wp\/v2\/pages\/431"}],"wp:featuredmedia":[{"embeddable":true,"href":"https:\/\/www.f-d-d.eu\/tr\/wp-json\/wp\/v2\/media\/659"}],"wp:attachment":[{"href":"https:\/\/www.f-d-d.eu\/tr\/wp-json\/wp\/v2\/media?parent=451"}],"curies":[{"name":"wp","href":"https:\/\/api.w.org\/{rel}","templated":true}]}}