{"id":507,"date":"2020-04-10T16:47:12","date_gmt":"2020-04-10T14:47:12","guid":{"rendered":"http:\/\/www.f-d-d.eu\/?page_id=507"},"modified":"2022-08-29T15:35:07","modified_gmt":"2022-08-29T13:35:07","slug":"la-serie-documentaire","status":"publish","type":"page","link":"https:\/\/www.f-d-d.eu\/tr\/les-productions\/la-serie-documentaire\/","title":{"rendered":"Belgesel dizisi"},"content":{"rendered":"<p>Belgesel dizisi k\u0131sa su\u0308reli (yakla\u015f\u0131k 10 dakika) b\u00f6lu\u0308mler halinde haz\u0131rlanacak. Her u\u0308retim etkinli\u011fi, y\u00f6netmenin projenin belli bir y\u00f6nu\u0308ne odaklanaca\u011f\u0131 tematik bir b\u00f6lu\u0308me konu olacak. B\u00f6lu\u0308mler, projenin internet sitesi ve sosyal a\u011flar u\u0308zerinden, haz\u0131rland\u0131k\u00e7a yay\u0131nlanacak. Bu belgesel dizisi, projenin sonunda, projenin uygulamaya konu\u015funu g\u00f6steren ve bir anlamda haf\u0131zas\u0131n\u0131 olu\u015fturan bu\u0308tu\u0308nlu\u0308klu\u0308 bir yap\u0131t halini alacak.<\/p>\n","protected":false},"excerpt":{"rendered":"<p>Belgesel dizisi k\u0131sa su\u0308reli (yakla\u015f\u0131k 10 dakika) b\u00f6lu\u0308mler halinde haz\u0131rlanacak. Her u\u0308retim etkinli\u011fi, y\u00f6netmenin projenin belli bir y\u00f6nu\u0308ne odaklanaca\u011f\u0131 tematik bir b\u00f6lu\u0308me konu olacak. B\u00f6lu\u0308mler, projenin internet sitesi ve sosyal a\u011flar u\u0308zerinden, haz\u0131rland\u0131k\u00e7a yay\u0131nlanacak. Bu belgesel dizisi, projenin sonunda, projenin uygulamaya konu\u015funu g\u00f6steren ve bir anlamda haf\u0131zas\u0131n\u0131 olu\u015fturan bu\u0308tu\u0308nlu\u0308klu\u0308 bir yap\u0131t halini alacak.<\/p>\n","protected":false},"author":1,"featured_media":1403,"parent":479,"menu_order":0,"comment_status":"closed","ping_status":"closed","template":"page-single-production.php","meta":{"footnotes":""},"translation":{"provider":"WPGlobus","version":"2.12.2","language":"tr","enabled_languages":["fr","en","es","pt","tr","it"],"languages":{"fr":{"title":true,"content":true,"excerpt":false},"en":{"title":true,"content":true,"excerpt":false},"es":{"title":true,"content":true,"excerpt":false},"pt":{"title":true,"content":true,"excerpt":false},"tr":{"title":true,"content":true,"excerpt":false},"it":{"title":true,"content":true,"excerpt":false}}},"acf":[],"_links":{"self":[{"href":"https:\/\/www.f-d-d.eu\/tr\/wp-json\/wp\/v2\/pages\/507"}],"collection":[{"href":"https:\/\/www.f-d-d.eu\/tr\/wp-json\/wp\/v2\/pages"}],"about":[{"href":"https:\/\/www.f-d-d.eu\/tr\/wp-json\/wp\/v2\/types\/page"}],"author":[{"embeddable":true,"href":"https:\/\/www.f-d-d.eu\/tr\/wp-json\/wp\/v2\/users\/1"}],"replies":[{"embeddable":true,"href":"https:\/\/www.f-d-d.eu\/tr\/wp-json\/wp\/v2\/comments?post=507"}],"version-history":[{"count":27,"href":"https:\/\/www.f-d-d.eu\/tr\/wp-json\/wp\/v2\/pages\/507\/revisions"}],"predecessor-version":[{"id":2221,"href":"https:\/\/www.f-d-d.eu\/tr\/wp-json\/wp\/v2\/pages\/507\/revisions\/2221"}],"up":[{"embeddable":true,"href":"https:\/\/www.f-d-d.eu\/tr\/wp-json\/wp\/v2\/pages\/479"}],"wp:featuredmedia":[{"embeddable":true,"href":"https:\/\/www.f-d-d.eu\/tr\/wp-json\/wp\/v2\/media\/1403"}],"wp:attachment":[{"href":"https:\/\/www.f-d-d.eu\/tr\/wp-json\/wp\/v2\/media?parent=507"}],"curies":[{"name":"wp","href":"https:\/\/api.w.org\/{rel}","templated":true}]}}