{"id":89,"date":"2019-09-16T11:14:52","date_gmt":"2019-09-16T09:14:52","guid":{"rendered":"http:\/\/www.f-d-d.eu\/?page_id=89"},"modified":"2020-09-17T17:15:48","modified_gmt":"2020-09-17T15:15:48","slug":"mentions-legales","status":"publish","type":"page","link":"https:\/\/www.f-d-d.eu\/tr\/mentions-legales\/","title":{"rendered":"Mentions l\u00e9gales"},"content":{"rendered":"<p>Merci de lire attentivement les mentions l\u00e9gales expos\u00e9es ci-dessous. En faisant usage de ce site, vous d\u00e9clarez accepter ces mentions.<\/p>\n<p><strong>\u00a0<\/strong><\/p>\n<h3><strong>Propri\u00e9t\u00e9 intellectuelle<\/strong><\/h3>\n<p><strong>a &#8211; Principe g\u00e9n\u00e9ral<\/strong><\/p>\n<p>Les pages du site sont plac\u00e9es, sauf mention contraire, sous licence Creative Commons (licence de libre diffusion CC-BY-SA).<\/p>\n<p>Cette \u0153uvre est mise \u00e0 disposition selon les conditions de r\u00e9utilisation et\/ou de distribution d\u2019\u0153uvres r\u00e9gies par la licence Creative Commons : \u00ab Paternit\u00e9, Pas d\u2019utilisation commerciale, Pas de modification \u00bb<\/p>\n<img decoding=\"async\" loading=\"lazy\" class=\"alignnone size-full wp-image-1340 aligncenter\" src=\"http:\/\/www.f-d-d.eu\/wp-content\/uploads\/2020\/07\/creativecommons.gif\" alt=\"\" width=\"336\" height=\"80\" \/>\n<p>http:\/\/creativecommons.org\/licenses\/by-nc-nd\/2.0\/fr\/<\/p>\n<p>Les internautes peuvent diffuser librement les contenus de ces pages \u00e0 la condition d&#8217;indiquer le nom de l&#8217;auteur du contenu concern\u00e9, de ne pas y apporter de modification et de ne pas en faire d&#8217;utilisation commerciale, sauf si l&#8217;auteur du contenu a pr\u00e9cis\u00e9 qu&#8217;il ne souhaitait pas s&#8217;inscrire dans le cadre de cette licence.<\/p>\n<p><strong>b &#8211; Exception<\/strong><\/p>\n<p>Les textes et illustrations qui ne rentrent pas dans ce cadre, font l&#8217;objet d&#8217;une mention contraire et sont la propri\u00e9t\u00e9 de Rennes M\u00e9tropole, avec l\u2019accord le cas \u00e9ch\u00e9ant, des titulaires des droits d\u2019auteur concern\u00e9s par les documents pr\u00e9sent\u00e9s. \u00c0 ce titre, le site est prot\u00e9g\u00e9 par la l\u00e9gislation fran\u00e7aise, communautaire et internationale sur le droit de la propri\u00e9t\u00e9 intellectuelle et le droit \u00e0 l\u2019image.<\/p>\n<p>L\u2019internaute ne dispose d\u2019aucun droit ni d\u2019aucune licence pour en faire usage de quelque fa\u00e7on que ce soit, sans l\u2019accord \u00e9crit et pr\u00e9alable de Rennes M\u00e9tropole. Toute reproduction ou utilisation de donn\u00e9es contenues sur le site, apr\u00e8s accord express de Rennes M\u00e9tropole, devra mentionner la source et le titulaire des droits de propri\u00e9t\u00e9 aff\u00e9rents.<\/p>\n<p>Le Code de la Propri\u00e9t\u00e9 Intellectuelle n\u2019autorisant, aux termes de l\u2019article L 122-5, d\u2019une part, que les \u00ab copies ou reproductions strictement r\u00e9serv\u00e9es \u00e0 l\u2019usage priv\u00e9 du copiste et non destin\u00e9es \u00e0 une utilisation collective \u00bb et d\u2019autre part, que les analyses et les courtes citations dans un but d\u2019exemple et d\u2019illustration, \u00ab toute repr\u00e9sentation ou reproduction int\u00e9grale ou partielle faite sans le consentement de l\u2019auteur ou de ses ayants droits ou ayants cause est illicite \u00bb (article L 122-4 du Code de la Propri\u00e9t\u00e9 Intellectuelle).<\/p>\n<h3><strong>Mention obligatoire \u00e0 faire figurer pour toute reproduction<\/strong><\/h3>\n<p><strong>\u2028<\/strong>\u00ab\u00a0<em>Fus\u00e9e de d\u00e9tresse <\/em>\u2012<em> www.f-d-d.eu \u2013 projet de coop\u00e9ration europ\u00e9enne coordonn\u00e9 par L\u2019\u00e2ge de la tortue, \u00e0 l\u2019initiative de l\u2019artiste Paloma Fern\u00e1ndez Sobrino<\/em>\u00a0\u00bb<\/p>\n<p>L\u2019\u00e2ge de la tortue ne saurait en aucun cas \u00eatre tenue pour responsable, quel que soit le fondement de l\u2019action en responsabilit\u00e9 qui pourrait \u00eatre invoqu\u00e9, de dommages directs ou indirects r\u00e9sultant de l\u2019utilisation du site, ou li\u00e9e \u00e0 celle-ci ainsi qu\u2019aux usages des informations disponibles sur le site. Elle d\u00e9gage sa responsabilit\u00e9 pour tout dommage qui r\u00e9sulterait d\u2019un arr\u00eat d\u2019utilisation, d\u2019une perte de donn\u00e9es ou de b\u00e9n\u00e9fices.<\/p>\n<p>Les marques et logos figurant sur ce site sont la propri\u00e9t\u00e9 de l\u2019association L\u2019\u00e2ge de la tortue ou de tiers ; ils ne doivent pas \u00eatre utilis\u00e9s \u00e0 des fins commerciales sans le consentement \u00e9crit et pr\u00e9alable du propri\u00e9taire de la marque (art. L. 713-2 du Code de la Propri\u00e9t\u00e9 Intellectuelle). Le sigle Fus\u00e9e de d\u00e9tresse et les logos utilis\u00e9s sont des marques d\u00e9pos\u00e9es.<\/p>\n<p>Les noms, produits et services qui sont mentionn\u00e9s par ailleurs dans le site sont des marques qui doivent \u00eatre regard\u00e9es comme appartenant \u00e0 leurs propri\u00e9taires respectifs. Il en est de m\u00eame pour tous les logiciels, textes, images anim\u00e9es ou fixes, sons, savoir-faire, dessins, graphismes (\u2026) et tous autres \u00e9l\u00e9ments composant le site \u00ab http:\/\/www.f-d-d.eu \u00bb.\u2028Les soci\u00e9t\u00e9s et les noms cit\u00e9s ne sont donn\u00e9s qu\u2019\u00e0 titre d\u2019exemple. Ces citations ne doivent laisser supposer aucune association de \u00ab http:\/\/www.f-d-d.eu \u00bb avec toute autre soci\u00e9t\u00e9, nom ou produit.<\/p>\n<p>Tous les droits qui ne sont pas express\u00e9ment conc\u00e9d\u00e9s sont r\u00e9serv\u00e9s \u00e0 L\u2019\u00e2ge de la tortue. En outre, celle-ci n\u2019entend faire aucune d\u00e9claration sur le caract\u00e8re appropri\u00e9 d\u2019un usage particulier des informations contenues dans les documents et dans les \u00e9l\u00e9ments graphiques publi\u00e9s sur ce site. Toute garantie de ce fait est exclue.<\/p>\n<h3><strong>Mentions relatives aux liens hypertextes<\/strong><\/h3>\n<p>Les liens hypertextes de \u00ab http:\/\/www.f-d-d.eu \u00bb vous font quitter le site. Les sites cibles ne sont pas sous le contr\u00f4le de http:\/\/www.f-d-d.eu ; par cons\u00e9quent, L\u2019\u00e2ge de la tortue n\u2019est pas responsable du contenu de ces sites, des liens qu\u2019ils contiennent, ni des changements ou mises \u00e0 jour qui leur sont apport\u00e9s. Les liens sont pr\u00e9sents sur le site pour votre commodit\u00e9 et leur inclusion n\u2019implique aucune approbation par L\u2019\u00e2ge de la tortue. Les risques li\u00e9s \u00e0 l\u2019utilisation de ces sites incombent donc pleinement \u00e0 l\u2019utilisateur.\u2028Tout lien hypertexte vers le site http:\/\/www.f-d-d.eu ou l\u2019une de ses pages est libre, \u00e0 condition d\u2019indiquer clairement la source.<\/p>\n<h3><strong>Donn\u00e9es \u00e0 caract\u00e8re personnel sur le site<\/strong><\/h3>\n<p>Conform\u00e9ment \u00e0 la loi \u00ab Informatique et Libert\u00e9s \u00bb, le traitement des informations nominatives relatives aux internautes a fait l\u2019objet d\u2019une d\u00e9claration aupr\u00e8s de la Commission Nationale de l\u2019Informatique et des Libert\u00e9s (CNIL).\u2028Par cons\u00e9quent, conform\u00e9ment \u00e0 la loi Informatique et Libert\u00e9s du 6 janvier 1978 ; article 34 de la loi n\u00b0 78-17 ; vous disposez d\u2019un droit de modification, de rectification et de suppression des donn\u00e9es vous concernant. Pour l\u2019exercer, adressez-vous \u00e0 la r\u00e9daction du portail, en \u00e9crivant \u00e0 contact (at) agedelatortue.org<\/p>\n<h3><strong>Informations sur les contenus<\/strong><\/h3>\n<p>Les informations contenues sur le site http:\/\/www.f-d-d.eu \u00a0y compris leur aspect et leurs caract\u00e9ristiques, sont non contractuelles. Ces informations ne constituent en aucun cas une assertion, une garantie ou un engagement de la part de L\u2019\u00e2ge de la tortue \u00e0 l\u2019\u00e9gard de tout produit ou service. Par cons\u00e9quent, L\u2019\u00e2ge de la tortue d\u00e9cline toute responsabilit\u00e9, expresse ou implicite, quant \u00e0 leur compl\u00e9tude, leur exactitude ou leur ad\u00e9quation \u00e0 un but quelconque.\u2028De m\u00eame, L\u2019\u00e2ge de la tortue ne peut garantir que toutes les informations mises en ligne sur le site http:\/\/www.f-d-d.eu sont compl\u00e8tes, pr\u00e9cises, exactes, d\u00e9pourvues de toutes erreur et \u00e0 jour.\u2028L\u2019utilisateur qui constaterait des inexactitudes, des informations erron\u00e9es ou des informations de caract\u00e8re manifestement illicite, est tenu d\u2019en informer le directeur de la publication, Antoine Chaudet, directeur de la communication de L\u2019\u00e2ge de la tortue, afin que celui-ci y mette fin.\u2028L\u2019\u00e2ge de la tortue d\u00e9cline toute responsabilit\u00e9 quant \u00e0 la pertinence des informations fournies et \u00e0 l\u2019utilisation qu\u2019un internaute est susceptible d\u2019en faire.<\/p>\n<h3><strong>Informations techniques<\/strong><\/h3>\n<p>Il est rappel\u00e9 que le secret des correspondances n\u2019est pas garanti sur le r\u00e9seau Internet et qu\u2019il appartient \u00e0 chaque utilisateur d\u2019Internet de prendre toutes les mesures appropri\u00e9es de fa\u00e7on \u00e0 prot\u00e9ger ses propres donn\u00e9es et\/ou logiciels de la contamination d\u2019\u00e9ventuels virus circulant sur Internet. Il est rappel\u00e9 que le fait d\u2019acc\u00e9der ou de se maintenir frauduleusement dans un syst\u00e8me informatique, d\u2019entraver ou de fausser le fonctionnement d\u2019un tel syst\u00e8me, d\u2019introduire ou de modifier ses donn\u00e9es constitue des d\u00e9lits passibles de sanctions p\u00e9nales.<\/p>\n<h3><strong>Accessibilit\u00e9<\/strong><\/h3>\n<p>Le site est optimis\u00e9 pour un affichage en 1024*768 mais peut \u00e9galement \u00eatre consult\u00e9 dans un affichage en 800*600.<\/p>\n<h3><strong>Informations concernant les modifications<\/strong><\/h3>\n<p>L\u2019\u00e2ge de la tortue se r\u00e9serve le droit de modifier ou de corriger le contenu du site Internet \u00e0 tout moment et sans pr\u00e9avis.\u2028L\u2019\u00e2ge de la tortue se r\u00e9serve le droit de modifier les pr\u00e9sentes mentions \u00e0 tout moment. L\u2019utilisateur s\u2019engage donc \u00e0 les consulter r\u00e9guli\u00e8rement.<\/p>\n<h3><strong>H\u00e9bergement<\/strong><\/h3>\n<p>L\u2019h\u00e9bergement du serveur de production est assur\u00e9 par le Centre de Ressources et d\u2019\u00c9tudes Audiovisuelles de l\u2019Universit\u00e9 Rennes 2.<\/p>\n<h3><strong>Contact<\/strong><\/h3>\n<p>Pour contacter le responsable du site :<\/p>\n<p><strong>L\u2019\u00e2ge de la tortue<\/strong><br \/>\n10 bis square de Nim\u00e8gue<br \/>\n35200 Rennes<br \/>\nT\u00e9l : +339 50 18 51 65 \/ +336 61 75 76 03<br \/>\nCourriel : contact [at] agedelatortue.org<\/p>\n","protected":false},"excerpt":{"rendered":"<p>Merci de lire attentivement les mentions l\u00e9gales expos\u00e9es ci-dessous. En faisant usage de ce site, vous d\u00e9clarez accepter ces mentions. \u00a0 Propri\u00e9t\u00e9 intellectuelle a &#8211; Principe g\u00e9n\u00e9ral Les pages du site sont plac\u00e9es, sauf mention contraire, sous licence Creative Commons (licence de libre diffusion CC-BY-SA). Cette \u0153uvre est mise \u00e0 disposition selon les conditions de&#8230;  <\/p>\n<ul class=\"readmore\">\n<li><a class=\"excerpt-read-more\" href=\"https:\/\/www.f-d-d.eu\/tr\/mentions-legales\/\" title=\"Daha fazla oku Mentions l\u00e9gales\">Daha fazla oku <\/a><\/li>\n<\/ul>\n","protected":false},"author":1,"featured_media":0,"parent":0,"menu_order":0,"comment_status":"closed","ping_status":"closed","template":"page-partenaires.php","meta":{"footnotes":""},"translation":{"provider":"WPGlobus","version":"2.12.2","language":"tr","enabled_languages":["fr","en","es","pt","tr","it"],"languages":{"fr":{"title":true,"content":true,"excerpt":false},"en":{"title":false,"content":true,"excerpt":false},"es":{"title":false,"content":true,"excerpt":false},"pt":{"title":false,"content":true,"excerpt":false},"tr":{"title":false,"content":true,"excerpt":false},"it":{"title":false,"content":true,"excerpt":false}}},"acf":[],"_links":{"self":[{"href":"https:\/\/www.f-d-d.eu\/tr\/wp-json\/wp\/v2\/pages\/89"}],"collection":[{"href":"https:\/\/www.f-d-d.eu\/tr\/wp-json\/wp\/v2\/pages"}],"about":[{"href":"https:\/\/www.f-d-d.eu\/tr\/wp-json\/wp\/v2\/types\/page"}],"author":[{"embeddable":true,"href":"https:\/\/www.f-d-d.eu\/tr\/wp-json\/wp\/v2\/users\/1"}],"replies":[{"embeddable":true,"href":"https:\/\/www.f-d-d.eu\/tr\/wp-json\/wp\/v2\/comments?post=89"}],"version-history":[{"count":11,"href":"https:\/\/www.f-d-d.eu\/tr\/wp-json\/wp\/v2\/pages\/89\/revisions"}],"predecessor-version":[{"id":2213,"href":"https:\/\/www.f-d-d.eu\/tr\/wp-json\/wp\/v2\/pages\/89\/revisions\/2213"}],"wp:attachment":[{"href":"https:\/\/www.f-d-d.eu\/tr\/wp-json\/wp\/v2\/media?parent=89"}],"curies":[{"name":"wp","href":"https:\/\/api.w.org\/{rel}","templated":true}]}}