{"id":92,"date":"2019-09-16T11:16:40","date_gmt":"2019-09-16T09:16:40","guid":{"rendered":"http:\/\/www.f-d-d.eu\/?page_id=92"},"modified":"2020-09-16T09:41:58","modified_gmt":"2020-09-16T07:41:58","slug":"credits","status":"publish","type":"page","link":"https:\/\/www.f-d-d.eu\/tr\/credits\/","title":{"rendered":"Haz\u0131rlayanlar"},"content":{"rendered":"<p><span style=\"color: #000000;\"><strong>D\u00fczenleyen kurum:<\/strong> L\u2019\u00e2ge de la tortue <\/span><br \/>\n<span style=\"color: #000000;\"><strong>Derne\u011fi\u2028Yay\u0131n direkt\u00f6r\u00fc:<\/strong> Antoine Chaudet \u2013 L\u2019\u00e2ge de la tortue\u2028<\/span><br \/>\n<span style=\"color: #000000;\"><strong>Grafik tasar\u0131m:<\/strong> Antoine Chaudet ve Enzo Hardy\u2028<\/span><br \/>\n<span style=\"color: #000000;\"><strong>Tasar\u0131m ve geli\u015ftirme:<\/strong> Antoine Chaudet, Yann Garandel, Enzo Hardy, Am\u00e9lie Murie, Elsa Colas<\/span><\/p>\n<p><strong>Sahne a\u011f\u0131rlama:<\/strong> Rennes 2 \u00dcniversitesi<br \/>\n<strong>B\u00f6l\u00fcm:<\/strong>\u00a0G\u00f6rsel-\u0130\u015fitsel \u00c7al\u0131\u015fmalar ve Kaynaklar Merkezi<\/p>\n","protected":false},"excerpt":{"rendered":"<p>D\u00fczenleyen kurum: L\u2019\u00e2ge de la tortue Derne\u011fi\u2028Yay\u0131n direkt\u00f6r\u00fc: Antoine Chaudet \u2013 L\u2019\u00e2ge de la tortue\u2028 Grafik tasar\u0131m: Antoine Chaudet ve Enzo Hardy\u2028 Tasar\u0131m ve geli\u015ftirme: Antoine Chaudet, Yann Garandel, Enzo Hardy, Am\u00e9lie Murie, Elsa Colas Sahne a\u011f\u0131rlama: Rennes 2 \u00dcniversitesi B\u00f6l\u00fcm:\u00a0G\u00f6rsel-\u0130\u015fitsel \u00c7al\u0131\u015fmalar ve Kaynaklar Merkezi<\/p>\n","protected":false},"author":1,"featured_media":0,"parent":0,"menu_order":0,"comment_status":"closed","ping_status":"closed","template":"page-partenaires.php","meta":{"footnotes":""},"translation":{"provider":"WPGlobus","version":"2.12.2","language":"tr","enabled_languages":["fr","en","es","pt","tr","it"],"languages":{"fr":{"title":true,"content":true,"excerpt":false},"en":{"title":true,"content":true,"excerpt":false},"es":{"title":true,"content":true,"excerpt":false},"pt":{"title":true,"content":true,"excerpt":false},"tr":{"title":true,"content":true,"excerpt":false},"it":{"title":true,"content":true,"excerpt":false}}},"acf":[],"_links":{"self":[{"href":"https:\/\/www.f-d-d.eu\/tr\/wp-json\/wp\/v2\/pages\/92"}],"collection":[{"href":"https:\/\/www.f-d-d.eu\/tr\/wp-json\/wp\/v2\/pages"}],"about":[{"href":"https:\/\/www.f-d-d.eu\/tr\/wp-json\/wp\/v2\/types\/page"}],"author":[{"embeddable":true,"href":"https:\/\/www.f-d-d.eu\/tr\/wp-json\/wp\/v2\/users\/1"}],"replies":[{"embeddable":true,"href":"https:\/\/www.f-d-d.eu\/tr\/wp-json\/wp\/v2\/comments?post=92"}],"version-history":[{"count":10,"href":"https:\/\/www.f-d-d.eu\/tr\/wp-json\/wp\/v2\/pages\/92\/revisions"}],"predecessor-version":[{"id":1390,"href":"https:\/\/www.f-d-d.eu\/tr\/wp-json\/wp\/v2\/pages\/92\/revisions\/1390"}],"wp:attachment":[{"href":"https:\/\/www.f-d-d.eu\/tr\/wp-json\/wp\/v2\/media?parent=92"}],"curies":[{"name":"wp","href":"https:\/\/api.w.org\/{rel}","templated":true}]}}